

{"id":20551,"date":"2019-04-26T14:11:42","date_gmt":"2019-07-09T18:30:44","guid":{"rendered":"https:\/\/www.timmpi.com\/shop\/sincategorizar\/boucle-tour-de-cou-a-induction-timmpi-il-01\/"},"modified":"2019-08-27T21:46:09","modified_gmt":"2019-08-27T20:46:09","slug":"boucle-tour-de-cou-tr-il","status":"publish","type":"product","link":"https:\/\/immersive-culture.com\/es\/shop\/immersive-live-es\/boucle-tour-de-cou-tr-il\/","title":{"rendered":"Bucle de inducci\u00f3n de cuello TIMMPI-IL-01"},"content":{"rendered":"<div class=\"jhH5U r-iHQ9XUZtC1Pc\" data-rtid=\"iHQ9XUZtC1Pc\">\n<div id=\"tw-ob\" class=\"tw-src-ltr\">\n<div class=\"oSioSc\">\n<div id=\"tw-target\">\n<div id=\"kAz1tf\" class=\"g9WsWb\">\n<div id=\"tw-target-text-container\" class=\"tw-ta-container tw-nfl\">\n<p id=\"tw-target-text\" class=\"tw-data-text tw-ta tw-text-small\" dir=\"ltr\" data-placeholder=\"Translation\"><span lang=\"es\" tabindex=\"0\">Este bucle de cuello con conector de 3,5 mm permite la conexi\u00f3n inal\u00e1mbrica a aud\u00edfonos equipados con una bobina en \u00abT\u00bb. Los oyentes conectan el bucle en el receptor inal\u00e1mbrico TIMMPI, luego desliza el bucle alrededor de su cuello, la bobina \u00abT\u00bb del aud\u00edfono capta el sonido y luego lo transmite al oyente.<\/span><\/p>\n<pre class=\"tw-ta tw-text-small\" lang=\"es\"><\/pre>\n<\/div>\n<div id=\"z6maec\" class=\"tw-ta-container tw-nfl\">\n<pre id=\"tw-target-rmn\" class=\"tw-data-placeholder tw-ta tw-text-small\" dir=\"ltr\" data-placeholder=\"\"><\/pre>\n<pre class=\"tw-ta tw-text-small\"><\/pre>\n<\/div>\n<div id=\"tw-tmenu\" class=\"tw-menu\"><\/div>\n<\/div>\n<\/div>\n<\/div>\n<\/div>\n<div class=\"dURPtb\"><\/div>\n<div class=\"iM2fUQNWNJUE-pvVKlfEP0Yk\"><\/div>\n<\/div>\n","protected":false},"excerpt":{"rendered":"<p>Este bucle de cuello con conector de 3,5 mm permite la conexi\u00f3n inal\u00e1mbrica a aud\u00edfonos&#8230;<\/p>\n","protected":false},"featured_media":13456,"comment_status":"open","ping_status":"closed","template":"","meta":{"inline_featured_image":false},"product_brand":[],"product_cat":[452],"product_tag":[],"class_list":{"0":"post-20551","1":"product","2":"type-product","3":"status-publish","4":"has-post-thumbnail","6":"product_cat-immersive-live-es","8":"first","9":"onbackorder","10":"taxable","11":"shipping-taxable","12":"product-type-simple"},"yoast_head":"<!-- This site is optimized with the Yoast SEO Premium plugin v23.1 (Yoast SEO v24.7) - https:\/\/yoast.com\/wordpress\/plugins\/seo\/ -->\n<title>Bucle de inducci\u00f3n de cuello TIMMPI-IL-01<\/title>\n<meta name=\"description\" content=\"El cuello del bucle con el conector de 3.5 mm permite la conexi\u00f3n inal\u00e1mbrica a aud\u00edfonos equipados con una bobina en &quot;T&quot;.\" \/>\n<meta name=\"robots\" content=\"index, follow, max-snippet:-1, max-image-preview:large, max-video-preview:-1\" \/>\n<link rel=\"canonical\" href=\"https:\/\/immersive-culture.com\/es\/shop\/immersive-live-es\/boucle-tour-de-cou-tr-il\/\" \/>\n<meta property=\"og:locale\" content=\"es_ES\" \/>\n<meta property=\"og:type\" content=\"article\" \/>\n<meta property=\"og:title\" content=\"Bucle de inducci\u00f3n de cuello TIMMPI-IL-01\" \/>\n<meta property=\"og:description\" content=\"El cuello del bucle con el conector de 3.5 mm permite la conexi\u00f3n inal\u00e1mbrica a aud\u00edfonos equipados con una bobina en &quot;T&quot;.\" \/>\n<meta property=\"og:url\" content=\"https:\/\/immersive-culture.com\/es\/shop\/immersive-live-es\/boucle-tour-de-cou-tr-il\/\" \/>\n<meta property=\"og:site_name\" content=\"TiMMPi\" \/>\n<meta property=\"article:publisher\" content=\"http:\/\/www.facebook.com\/timmpiofficial\" \/>\n<meta property=\"article:modified_time\" content=\"2019-08-27T20:46:09+00:00\" \/>\n<meta property=\"og:image\" content=\"https:\/\/www.timmpi.com\/wp-content\/uploads\/IMMERSIVE-LIVE-induction-neck-loop.jpg\" \/>\n\t<meta property=\"og:image:width\" content=\"1920\" \/>\n\t<meta property=\"og:image:height\" content=\"1920\" \/>\n\t<meta property=\"og:image:type\" content=\"image\/jpeg\" \/>\n<meta name=\"twitter:card\" content=\"summary_large_image\" \/>\n<meta name=\"twitter:site\" content=\"@timmpi\" \/>\n<meta name=\"twitter:label1\" content=\"Precio\" \/>\n\t<meta name=\"twitter:data1\" content=\"\" \/>\n\t<meta name=\"twitter:label2\" content=\"Disponibilidad\" \/>\n\t<meta name=\"twitter:data2\" content=\"Disponible para reservar\" \/>\n<script type=\"application\/ld+json\" class=\"yoast-schema-graph\">{\"@context\":\"https:\/\/schema.org\",\"@graph\":[{\"@type\":\"WebPage\",\"@id\":\"https:\/\/immersive-culture.com\/es\/shop\/immersive-live-es\/boucle-tour-de-cou-tr-il\/\",\"url\":\"https:\/\/immersive-culture.com\/es\/shop\/immersive-live-es\/boucle-tour-de-cou-tr-il\/\",\"name\":\"Bucle de inducci\u00f3n de cuello TIMMPI-IL-01\",\"isPartOf\":{\"@id\":\"https:\/\/www.timmpi.com\/fr\/#website\"},\"primaryImageOfPage\":{\"@id\":\"https:\/\/immersive-culture.com\/es\/shop\/immersive-live-es\/boucle-tour-de-cou-tr-il\/#primaryimage\"},\"image\":{\"@id\":\"https:\/\/immersive-culture.com\/es\/shop\/immersive-live-es\/boucle-tour-de-cou-tr-il\/#primaryimage\"},\"thumbnailUrl\":\"https:\/\/immersive-culture.com\/wp-content\/uploads\/IMMERSIVE-LIVE-induction-neck-loop.jpg\",\"datePublished\":\"2019-07-09T18:30:44+00:00\",\"dateModified\":\"2019-08-27T20:46:09+00:00\",\"description\":\"El cuello del bucle con el conector de 3.5 mm permite la conexi\u00f3n inal\u00e1mbrica a aud\u00edfonos equipados con una bobina en \\\"T\\\".\",\"breadcrumb\":{\"@id\":\"https:\/\/immersive-culture.com\/es\/shop\/immersive-live-es\/boucle-tour-de-cou-tr-il\/#breadcrumb\"},\"inLanguage\":\"es\",\"potentialAction\":[{\"@type\":\"ReadAction\",\"target\":[\"https:\/\/immersive-culture.com\/es\/shop\/immersive-live-es\/boucle-tour-de-cou-tr-il\/\"]}]},{\"@type\":\"ImageObject\",\"inLanguage\":\"es\",\"@id\":\"https:\/\/immersive-culture.com\/es\/shop\/immersive-live-es\/boucle-tour-de-cou-tr-il\/#primaryimage\",\"url\":\"https:\/\/immersive-culture.com\/wp-content\/uploads\/IMMERSIVE-LIVE-induction-neck-loop.jpg\",\"contentUrl\":\"https:\/\/immersive-culture.com\/wp-content\/uploads\/IMMERSIVE-LIVE-induction-neck-loop.jpg\",\"width\":1920,\"height\":1920},{\"@type\":\"BreadcrumbList\",\"@id\":\"https:\/\/immersive-culture.com\/es\/shop\/immersive-live-es\/boucle-tour-de-cou-tr-il\/#breadcrumb\",\"itemListElement\":[{\"@type\":\"ListItem\",\"position\":1,\"name\":\"Home\",\"item\":\"https:\/\/www.immersive-culture.com\/es\/\"},{\"@type\":\"ListItem\",\"position\":2,\"name\":\"Abrir el camino para una nueva experiencia sonora y hacer la cultura musical inclusiva para todos\",\"item\":\"https:\/\/immersive-culture.com\/es\/tienda\/\"},{\"@type\":\"ListItem\",\"position\":3,\"name\":\"Immersive Live\",\"item\":\"https:\/\/immersive-culture.com\/es\/products\/immersive-live-es\/\"},{\"@type\":\"ListItem\",\"position\":4,\"name\":\"Bucle de inducci\u00f3n de cuello TIMMPI-IL-01\"}]},{\"@type\":\"WebSite\",\"@id\":\"https:\/\/www.timmpi.com\/fr\/#website\",\"url\":\"https:\/\/www.timmpi.com\/fr\/\",\"name\":\"TiMMPi\",\"description\":\"Make your sound experience unique\",\"publisher\":{\"@id\":\"https:\/\/www.timmpi.com\/fr\/#organization\"},\"potentialAction\":[{\"@type\":\"SearchAction\",\"target\":{\"@type\":\"EntryPoint\",\"urlTemplate\":\"https:\/\/www.timmpi.com\/fr\/?s={search_term_string}\"},\"query-input\":{\"@type\":\"PropertyValueSpecification\",\"valueRequired\":true,\"valueName\":\"search_term_string\"}}],\"inLanguage\":\"es\"},{\"@type\":\"Organization\",\"@id\":\"https:\/\/www.timmpi.com\/fr\/#organization\",\"name\":\"Timmpi\",\"url\":\"https:\/\/www.timmpi.com\/fr\/\",\"logo\":{\"@type\":\"ImageObject\",\"inLanguage\":\"es\",\"@id\":\"https:\/\/www.timmpi.com\/fr\/#\/schema\/logo\/image\/\",\"url\":\"\",\"contentUrl\":\"\",\"caption\":\"Timmpi\"},\"image\":{\"@id\":\"https:\/\/www.timmpi.com\/fr\/#\/schema\/logo\/image\/\"},\"sameAs\":[\"http:\/\/www.facebook.com\/timmpiofficial\",\"https:\/\/x.com\/timmpi\",\"https:\/\/www.instagram.com\/timmpi_\",\"https:\/\/www.linkedin.com\/company\/timmpi\",\"https:\/\/www.youtube.com\/user\/TimmpiOfficial\"]}]}<\/script>\n<meta property=\"product:price:amount\" content=\"0.00\" \/>\n<meta property=\"product:price:currency\" content=\"EUR\" \/>\n<meta property=\"og:availability\" content=\"backorder\" \/>\n<meta property=\"product:availability\" content=\"available for order\" \/>\n<meta property=\"product:condition\" content=\"new\" \/>\n<!-- \/ Yoast SEO Premium plugin. -->","yoast_head_json":{"title":"Bucle de inducci\u00f3n de cuello TIMMPI-IL-01","description":"El cuello del bucle con el conector de 3.5 mm permite la conexi\u00f3n inal\u00e1mbrica a aud\u00edfonos equipados con una bobina en \"T\".","robots":{"index":"index","follow":"follow","max-snippet":"max-snippet:-1","max-image-preview":"max-image-preview:large","max-video-preview":"max-video-preview:-1"},"canonical":"https:\/\/immersive-culture.com\/es\/shop\/immersive-live-es\/boucle-tour-de-cou-tr-il\/","og_locale":"es_ES","og_type":"article","og_title":"Bucle de inducci\u00f3n de cuello TIMMPI-IL-01","og_description":"El cuello del bucle con el conector de 3.5 mm permite la conexi\u00f3n inal\u00e1mbrica a aud\u00edfonos equipados con una bobina en \"T\".","og_url":"https:\/\/immersive-culture.com\/es\/shop\/immersive-live-es\/boucle-tour-de-cou-tr-il\/","og_site_name":"TiMMPi","article_publisher":"http:\/\/www.facebook.com\/timmpiofficial","article_modified_time":"2019-08-27T20:46:09+00:00","og_image":[{"width":1920,"height":1920,"url":"https:\/\/www.timmpi.com\/wp-content\/uploads\/IMMERSIVE-LIVE-induction-neck-loop.jpg","type":"image\/jpeg"}],"twitter_card":"summary_large_image","twitter_site":"@timmpi","twitter_misc":{"Precio":"","Disponibilidad":"Disponible para reservar"},"schema":{"@context":"https:\/\/schema.org","@graph":[{"@type":"WebPage","@id":"https:\/\/immersive-culture.com\/es\/shop\/immersive-live-es\/boucle-tour-de-cou-tr-il\/","url":"https:\/\/immersive-culture.com\/es\/shop\/immersive-live-es\/boucle-tour-de-cou-tr-il\/","name":"Bucle de inducci\u00f3n de cuello TIMMPI-IL-01","isPartOf":{"@id":"https:\/\/www.timmpi.com\/fr\/#website"},"primaryImageOfPage":{"@id":"https:\/\/immersive-culture.com\/es\/shop\/immersive-live-es\/boucle-tour-de-cou-tr-il\/#primaryimage"},"image":{"@id":"https:\/\/immersive-culture.com\/es\/shop\/immersive-live-es\/boucle-tour-de-cou-tr-il\/#primaryimage"},"thumbnailUrl":"https:\/\/immersive-culture.com\/wp-content\/uploads\/IMMERSIVE-LIVE-induction-neck-loop.jpg","datePublished":"2019-07-09T18:30:44+00:00","dateModified":"2019-08-27T20:46:09+00:00","description":"El cuello del bucle con el conector de 3.5 mm permite la conexi\u00f3n inal\u00e1mbrica a aud\u00edfonos equipados con una bobina en \"T\".","breadcrumb":{"@id":"https:\/\/immersive-culture.com\/es\/shop\/immersive-live-es\/boucle-tour-de-cou-tr-il\/#breadcrumb"},"inLanguage":"es","potentialAction":[{"@type":"ReadAction","target":["https:\/\/immersive-culture.com\/es\/shop\/immersive-live-es\/boucle-tour-de-cou-tr-il\/"]}]},{"@type":"ImageObject","inLanguage":"es","@id":"https:\/\/immersive-culture.com\/es\/shop\/immersive-live-es\/boucle-tour-de-cou-tr-il\/#primaryimage","url":"https:\/\/immersive-culture.com\/wp-content\/uploads\/IMMERSIVE-LIVE-induction-neck-loop.jpg","contentUrl":"https:\/\/immersive-culture.com\/wp-content\/uploads\/IMMERSIVE-LIVE-induction-neck-loop.jpg","width":1920,"height":1920},{"@type":"BreadcrumbList","@id":"https:\/\/immersive-culture.com\/es\/shop\/immersive-live-es\/boucle-tour-de-cou-tr-il\/#breadcrumb","itemListElement":[{"@type":"ListItem","position":1,"name":"Home","item":"https:\/\/www.immersive-culture.com\/es\/"},{"@type":"ListItem","position":2,"name":"Abrir el camino para una nueva experiencia sonora y hacer la cultura musical inclusiva para todos","item":"https:\/\/immersive-culture.com\/es\/tienda\/"},{"@type":"ListItem","position":3,"name":"Immersive Live","item":"https:\/\/immersive-culture.com\/es\/products\/immersive-live-es\/"},{"@type":"ListItem","position":4,"name":"Bucle de inducci\u00f3n de cuello TIMMPI-IL-01"}]},{"@type":"WebSite","@id":"https:\/\/www.timmpi.com\/fr\/#website","url":"https:\/\/www.timmpi.com\/fr\/","name":"TiMMPi","description":"Make your sound experience unique","publisher":{"@id":"https:\/\/www.timmpi.com\/fr\/#organization"},"potentialAction":[{"@type":"SearchAction","target":{"@type":"EntryPoint","urlTemplate":"https:\/\/www.timmpi.com\/fr\/?s={search_term_string}"},"query-input":{"@type":"PropertyValueSpecification","valueRequired":true,"valueName":"search_term_string"}}],"inLanguage":"es"},{"@type":"Organization","@id":"https:\/\/www.timmpi.com\/fr\/#organization","name":"Timmpi","url":"https:\/\/www.timmpi.com\/fr\/","logo":{"@type":"ImageObject","inLanguage":"es","@id":"https:\/\/www.timmpi.com\/fr\/#\/schema\/logo\/image\/","url":"","contentUrl":"","caption":"Timmpi"},"image":{"@id":"https:\/\/www.timmpi.com\/fr\/#\/schema\/logo\/image\/"},"sameAs":["http:\/\/www.facebook.com\/timmpiofficial","https:\/\/x.com\/timmpi","https:\/\/www.instagram.com\/timmpi_","https:\/\/www.linkedin.com\/company\/timmpi","https:\/\/www.youtube.com\/user\/TimmpiOfficial"]}]},"product_price_amount":"0.00","product_price_currency":"EUR","og_availability":"backorder","product_availability":"available for order","product_condition":"new"},"_links":{"self":[{"href":"https:\/\/immersive-culture.com\/es\/wp-json\/wp\/v2\/product\/20551","targetHints":{"allow":["GET"]}}],"collection":[{"href":"https:\/\/immersive-culture.com\/es\/wp-json\/wp\/v2\/product"}],"about":[{"href":"https:\/\/immersive-culture.com\/es\/wp-json\/wp\/v2\/types\/product"}],"replies":[{"embeddable":true,"href":"https:\/\/immersive-culture.com\/es\/wp-json\/wp\/v2\/comments?post=20551"}],"wp:featuredmedia":[{"embeddable":true,"href":"https:\/\/immersive-culture.com\/es\/wp-json\/wp\/v2\/media\/13456"}],"wp:attachment":[{"href":"https:\/\/immersive-culture.com\/es\/wp-json\/wp\/v2\/media?parent=20551"}],"wp:term":[{"taxonomy":"product_brand","embeddable":true,"href":"https:\/\/immersive-culture.com\/es\/wp-json\/wp\/v2\/product_brand?post=20551"},{"taxonomy":"product_cat","embeddable":true,"href":"https:\/\/immersive-culture.com\/es\/wp-json\/wp\/v2\/product_cat?post=20551"},{"taxonomy":"product_tag","embeddable":true,"href":"https:\/\/immersive-culture.com\/es\/wp-json\/wp\/v2\/product_tag?post=20551"}],"curies":[{"name":"wp","href":"https:\/\/api.w.org\/{rel}","templated":true}]}}