

{"id":339502,"date":"2019-09-18T12:14:29","date_gmt":"2019-09-18T12:14:29","guid":{"rendered":"https:\/\/www.timmpi.com\/shop\/sin%20categor\u00eda\/revnettm-poe\/"},"modified":"2023-02-22T15:22:40","modified_gmt":"2023-02-22T15:22:40","slug":"revnettm-poe","status":"publish","type":"product","link":"https:\/\/immersive-culture.com\/es\/shop\/revolution-acoustics-es\/revnettm-poe\/","title":{"rendered":"<b>RevNetTM PoE++ &#8211; LZ220<\/b><br> Lo \u00faltimo en nuestra serie de amplificadores RevNet"},"content":{"rendered":"<p>The latest in our RevNet amp series, RevNet CV and LZ amps provide ultra-easy signal management via your Dante<sup>\u00ae<\/sup>\u00a0network and the convenience of either low-Z (4 \/ 8 \u03a9) or constant voltage (70.7 \/ 100 V) speaker outputs.<\/p>\n<h2>The simplicity of Dante<sup>\u00ae<\/sup>\u00a0with the power you need.<\/h2>\n<p>Now you can power SSP6 Multiducers using audio from your Dante network. Our PoE++ amps are single cable devices designed for use in small or medium zones, with no need for a local power outlet. They use a 60W port on a PoE++ switch (or comparable injector) with the convenience of either low impedance or constant voltage speaker outputs.<\/p>\n<p>The PoE++LZ220 provides 2 channels at 20 watts each in 4 \/ 8 ohms (the SSP6 uses an 8 ohm load) while the CV140 provies 1 channel of 40 watts at 70V\/100V. (To use the CV140 with your SSP6 Multiducer, you\u2019ll need the RA-T1 transformer.)<\/p>\n<p>Leverage the CAT5e\/6 cable already in use throughout a facility to add speakers easily and quickly, with the ease of control and audio routing that your Dante network brings to the building.<\/p>\n<p>&nbsp;<\/p>\n<table class=\"specs\">\n<thead>\n<tr>\n<th>Specifications<\/th>\n<th>PoE++CV140<\/th>\n<\/tr>\n<\/thead>\n<tbody>\n<tr>\n<td>Configurations<\/td>\n<td>70\/100V<\/td>\n<\/tr>\n<tr>\n<td>Power Output<\/td>\n<td>1 x 40W<\/td>\n<\/tr>\n<tr>\n<td>Control Options<\/td>\n<td>Dante<sup>\u00ae<\/sup><\/td>\n<\/tr>\n<tr>\n<td>DSP processes\/EQ<\/td>\n<td>EQ optimized for SSP6<\/td>\n<\/tr>\n<tr>\n<td>Frequency Response<\/td>\n<td>100 Hz \u2013 20 kHz, 70.7 \/ 100V<\/td>\n<\/tr>\n<tr>\n<td>Connectors<\/td>\n<td>Input: Dante (RJ45); Output: Euroblock<\/td>\n<\/tr>\n<tr>\n<td>Regulatory<\/td>\n<td>UL 2043 listed, CE, RoHS<\/td>\n<\/tr>\n<tr>\n<td>Weight<\/td>\n<td>1.0 lbs (0.45 kg)<\/td>\n<\/tr>\n<tr>\n<td>Dimensions<\/td>\n<td>1.20\u201d H x 6.70\u201d W x 4.31\u201d D (30.4mm H x 170.1mm W x 109.4mm D)<\/td>\n<\/tr>\n<\/tbody>\n<\/table>\n<p>&nbsp;<\/p>\n<p>&nbsp;<\/p>\n<table class=\"specs\">\n<thead>\n<tr>\n<th>Specifications<\/th>\n<th>PoE++LZ220<\/th>\n<\/tr>\n<\/thead>\n<tbody>\n<tr>\n<td>Configurations<\/td>\n<td>4\/8\/16 \u03a9<\/td>\n<\/tr>\n<tr>\n<td>Power Output<\/td>\n<td>2 x 20W<\/td>\n<\/tr>\n<tr>\n<td>Control Options<\/td>\n<td>Dante<sup>\u00ae<\/sup><\/td>\n<\/tr>\n<tr>\n<td>DSP processes\/EQ<\/td>\n<td>EQ optimized for SSP6<\/td>\n<\/tr>\n<tr>\n<td>Frequency Response<\/td>\n<td>20 Hz \u2013 20 kHz, 4\/8 \u03a9<\/td>\n<\/tr>\n<tr>\n<td>Connectors<\/td>\n<td>Input: Dante (RJ45); Output: Euroblock<\/td>\n<\/tr>\n<tr>\n<td>Regulatory<\/td>\n<td>UL 2043 listed, CE, RoHS<\/td>\n<\/tr>\n<tr>\n<td>Weight<\/td>\n<td>0.60 lbs (0.27 kg)<\/td>\n<\/tr>\n<tr>\n<td>Dimensions<\/td>\n<td>1.20\u201d H x 6.70\u201d W x 4.31\u201d D (30.4mm H x 170.1mm W x 109.4mm D)<\/td>\n<\/tr>\n<\/tbody>\n<\/table>\n<p><a href=\"https:\/\/www.timmpi.com\/wp-content\/uploads\/PoE-Cutsheet.pdf\" target=\"_blank\" rel=\"noopener noreferrer\">Download the RevNet PoE++ cut sheet<\/a><\/p>\n<p><a href=\"https:\/\/www.timmpi.com\/wp-content\/uploads\/PoE-Quick-Start-Guide.pdf\" target=\"_blank\" rel=\"noopener noreferrer\">Download the Quick Start Guide<\/a><\/p>\n","protected":false},"excerpt":{"rendered":"<p>The latest in our RevNet amp series, RevNet CV and LZ amps provide ultra-easy signal&#8230;<\/p>\n","protected":false},"featured_media":164684,"comment_status":"open","ping_status":"closed","template":"","meta":{"inline_featured_image":false},"product_brand":[],"product_cat":[469],"product_tag":[],"class_list":{"0":"post-339502","1":"product","2":"type-product","3":"status-publish","4":"has-post-thumbnail","6":"product_cat-revolution-acoustics-es","8":"first","9":"onbackorder","10":"taxable","11":"shipping-taxable","12":"product-type-simple"},"yoast_head":"<!-- This site is optimized with the Yoast SEO Premium plugin v23.1 (Yoast SEO v24.7) - https:\/\/yoast.com\/wordpress\/plugins\/seo\/ -->\n<title>RevNetTM PoE++ Amp - Timmpi<\/title>\n<meta name=\"description\" content=\"Lo \u00faltimo en nuestra serie de amplificadores RevNet, los amplificadores RevNet CV y \u200b\u200bLZ brindan una gesti\u00f3n de se\u00f1al ultra f\u00e1cil a trav\u00e9s de su red Dante\u00ae y la conveniencia de salidas de altavoz de baja Z (4 \/ 8 \u03a9) o voltaje constante (70.7 \/ 100 V).\" \/>\n<meta name=\"robots\" content=\"index, follow, max-snippet:-1, max-image-preview:large, max-video-preview:-1\" \/>\n<link rel=\"canonical\" href=\"https:\/\/immersive-culture.com\/es\/shop\/revolution-acoustics-es\/revnettm-poe\/\" \/>\n<meta property=\"og:locale\" content=\"es_ES\" \/>\n<meta property=\"og:type\" content=\"article\" \/>\n<meta property=\"og:title\" content=\"RevNetTM PoE++ - LZ220 Lo \u00faltimo en nuestra serie de amplificadores RevNet\" \/>\n<meta property=\"og:description\" content=\"Lo \u00faltimo en nuestra serie de amplificadores RevNet, los amplificadores RevNet CV y \u200b\u200bLZ brindan una gesti\u00f3n de se\u00f1al ultra f\u00e1cil a trav\u00e9s de su red Dante\u00ae y la conveniencia de salidas de altavoz de baja Z (4 \/ 8 \u03a9) o voltaje constante (70.7 \/ 100 V).\" \/>\n<meta property=\"og:url\" content=\"https:\/\/immersive-culture.com\/es\/shop\/revolution-acoustics-es\/revnettm-poe\/\" \/>\n<meta property=\"og:site_name\" content=\"TiMMPi\" \/>\n<meta property=\"article:publisher\" content=\"http:\/\/www.facebook.com\/timmpiofficial\" \/>\n<meta property=\"article:modified_time\" content=\"2023-02-22T15:22:40+00:00\" \/>\n<meta property=\"og:image\" content=\"https:\/\/immersive-culture.com\/wp-content\/uploads\/PoECV140-Front-Angled-Render-Final2-01.png\" \/>\n\t<meta property=\"og:image:width\" content=\"885\" \/>\n\t<meta property=\"og:image:height\" content=\"498\" \/>\n\t<meta property=\"og:image:type\" content=\"image\/png\" \/>\n<meta name=\"twitter:card\" content=\"summary_large_image\" \/>\n<meta name=\"twitter:site\" content=\"@timmpi\" \/>\n<meta name=\"twitter:label1\" content=\"Precio\" \/>\n\t<meta name=\"twitter:data1\" content=\"\" \/>\n\t<meta name=\"twitter:label2\" content=\"Disponibilidad\" \/>\n\t<meta name=\"twitter:data2\" content=\"Disponible para reservar\" \/>\n<script type=\"application\/ld+json\" class=\"yoast-schema-graph\">{\"@context\":\"https:\/\/schema.org\",\"@graph\":[{\"@type\":\"WebPage\",\"@id\":\"https:\/\/immersive-culture.com\/es\/shop\/revolution-acoustics-es\/revnettm-poe\/\",\"url\":\"https:\/\/immersive-culture.com\/es\/shop\/revolution-acoustics-es\/revnettm-poe\/\",\"name\":\"RevNetTM PoE++ Amp - Timmpi\",\"isPartOf\":{\"@id\":\"https:\/\/www.immersive-culture.com\/es\/#website\"},\"primaryImageOfPage\":{\"@id\":\"https:\/\/immersive-culture.com\/es\/shop\/revolution-acoustics-es\/revnettm-poe\/#primaryimage\"},\"image\":{\"@id\":\"https:\/\/immersive-culture.com\/es\/shop\/revolution-acoustics-es\/revnettm-poe\/#primaryimage\"},\"thumbnailUrl\":\"https:\/\/immersive-culture.com\/wp-content\/uploads\/PoECV140-Front-Angled-Render-Final2-01.png\",\"datePublished\":\"2019-09-18T12:14:29+00:00\",\"dateModified\":\"2023-02-22T15:22:40+00:00\",\"description\":\"Lo \u00faltimo en nuestra serie de amplificadores RevNet, los amplificadores RevNet CV y \u200b\u200bLZ brindan una gesti\u00f3n de se\u00f1al ultra f\u00e1cil a trav\u00e9s de su red Dante\u00ae y la conveniencia de salidas de altavoz de baja Z (4 \/ 8 \u03a9) o voltaje constante (70.7 \/ 100 V).\",\"breadcrumb\":{\"@id\":\"https:\/\/immersive-culture.com\/es\/shop\/revolution-acoustics-es\/revnettm-poe\/#breadcrumb\"},\"inLanguage\":\"es\",\"potentialAction\":[{\"@type\":\"ReadAction\",\"target\":[\"https:\/\/immersive-culture.com\/es\/shop\/revolution-acoustics-es\/revnettm-poe\/\"]}]},{\"@type\":\"ImageObject\",\"inLanguage\":\"es\",\"@id\":\"https:\/\/immersive-culture.com\/es\/shop\/revolution-acoustics-es\/revnettm-poe\/#primaryimage\",\"url\":\"https:\/\/immersive-culture.com\/wp-content\/uploads\/PoECV140-Front-Angled-Render-Final2-01.png\",\"contentUrl\":\"https:\/\/immersive-culture.com\/wp-content\/uploads\/PoECV140-Front-Angled-Render-Final2-01.png\",\"width\":885,\"height\":498},{\"@type\":\"BreadcrumbList\",\"@id\":\"https:\/\/immersive-culture.com\/es\/shop\/revolution-acoustics-es\/revnettm-poe\/#breadcrumb\",\"itemListElement\":[{\"@type\":\"ListItem\",\"position\":1,\"name\":\"Home\",\"item\":\"https:\/\/www.timmpi.com\/\"},{\"@type\":\"ListItem\",\"position\":2,\"name\":\"Abrir el camino para una nueva experiencia sonora y hacer la cultura musical inclusiva para todos\",\"item\":\"https:\/\/www.timmpi.com\/es\/tienda\/\"},{\"@type\":\"ListItem\",\"position\":3,\"name\":\"Revolution Acoustics\",\"item\":\"https:\/\/immersive-culture.com\/es\/products\/revolution-acoustics-es\/\"},{\"@type\":\"ListItem\",\"position\":4,\"name\":\"RevNetTM PoE++ &#8211; LZ220 Lo \u00faltimo en nuestra serie de amplificadores RevNet\"}]},{\"@type\":\"WebSite\",\"@id\":\"https:\/\/www.immersive-culture.com\/es\/#website\",\"url\":\"https:\/\/www.immersive-culture.com\/es\/\",\"name\":\"TiMMPi\",\"description\":\"Make your sound experience unique\",\"publisher\":{\"@id\":\"https:\/\/www.immersive-culture.com\/es\/#organization\"},\"potentialAction\":[{\"@type\":\"SearchAction\",\"target\":{\"@type\":\"EntryPoint\",\"urlTemplate\":\"https:\/\/www.immersive-culture.com\/es\/?s={search_term_string}\"},\"query-input\":{\"@type\":\"PropertyValueSpecification\",\"valueRequired\":true,\"valueName\":\"search_term_string\"}}],\"inLanguage\":\"es\"},{\"@type\":\"Organization\",\"@id\":\"https:\/\/www.immersive-culture.com\/es\/#organization\",\"name\":\"Timmpi\",\"url\":\"https:\/\/www.immersive-culture.com\/es\/\",\"logo\":{\"@type\":\"ImageObject\",\"inLanguage\":\"es\",\"@id\":\"https:\/\/www.immersive-culture.com\/es\/#\/schema\/logo\/image\/\",\"url\":\"\",\"contentUrl\":\"\",\"caption\":\"Timmpi\"},\"image\":{\"@id\":\"https:\/\/www.immersive-culture.com\/es\/#\/schema\/logo\/image\/\"},\"sameAs\":[\"http:\/\/www.facebook.com\/timmpiofficial\",\"https:\/\/x.com\/timmpi\",\"https:\/\/www.instagram.com\/timmpi_\",\"https:\/\/www.linkedin.com\/company\/timmpi\",\"https:\/\/www.youtube.com\/user\/TimmpiOfficial\"]}]}<\/script>\n<meta property=\"product:price:amount\" content=\"0.00\" \/>\n<meta property=\"product:price:currency\" content=\"EUR\" \/>\n<meta property=\"og:availability\" content=\"backorder\" \/>\n<meta property=\"product:availability\" content=\"available for order\" \/>\n<meta property=\"product:condition\" content=\"new\" \/>\n<!-- \/ Yoast SEO Premium plugin. -->","yoast_head_json":{"title":"RevNetTM PoE++ Amp - Timmpi","description":"Lo \u00faltimo en nuestra serie de amplificadores RevNet, los amplificadores RevNet CV y \u200b\u200bLZ brindan una gesti\u00f3n de se\u00f1al ultra f\u00e1cil a trav\u00e9s de su red Dante\u00ae y la conveniencia de salidas de altavoz de baja Z (4 \/ 8 \u03a9) o voltaje constante (70.7 \/ 100 V).","robots":{"index":"index","follow":"follow","max-snippet":"max-snippet:-1","max-image-preview":"max-image-preview:large","max-video-preview":"max-video-preview:-1"},"canonical":"https:\/\/immersive-culture.com\/es\/shop\/revolution-acoustics-es\/revnettm-poe\/","og_locale":"es_ES","og_type":"article","og_title":"RevNetTM PoE++ - LZ220 Lo \u00faltimo en nuestra serie de amplificadores RevNet","og_description":"Lo \u00faltimo en nuestra serie de amplificadores RevNet, los amplificadores RevNet CV y \u200b\u200bLZ brindan una gesti\u00f3n de se\u00f1al ultra f\u00e1cil a trav\u00e9s de su red Dante\u00ae y la conveniencia de salidas de altavoz de baja Z (4 \/ 8 \u03a9) o voltaje constante (70.7 \/ 100 V).","og_url":"https:\/\/immersive-culture.com\/es\/shop\/revolution-acoustics-es\/revnettm-poe\/","og_site_name":"TiMMPi","article_publisher":"http:\/\/www.facebook.com\/timmpiofficial","article_modified_time":"2023-02-22T15:22:40+00:00","og_image":[{"width":885,"height":498,"url":"https:\/\/immersive-culture.com\/wp-content\/uploads\/PoECV140-Front-Angled-Render-Final2-01.png","type":"image\/png"}],"twitter_card":"summary_large_image","twitter_site":"@timmpi","twitter_misc":{"Precio":"","Disponibilidad":"Disponible para reservar"},"schema":{"@context":"https:\/\/schema.org","@graph":[{"@type":"WebPage","@id":"https:\/\/immersive-culture.com\/es\/shop\/revolution-acoustics-es\/revnettm-poe\/","url":"https:\/\/immersive-culture.com\/es\/shop\/revolution-acoustics-es\/revnettm-poe\/","name":"RevNetTM PoE++ Amp - Timmpi","isPartOf":{"@id":"https:\/\/www.immersive-culture.com\/es\/#website"},"primaryImageOfPage":{"@id":"https:\/\/immersive-culture.com\/es\/shop\/revolution-acoustics-es\/revnettm-poe\/#primaryimage"},"image":{"@id":"https:\/\/immersive-culture.com\/es\/shop\/revolution-acoustics-es\/revnettm-poe\/#primaryimage"},"thumbnailUrl":"https:\/\/immersive-culture.com\/wp-content\/uploads\/PoECV140-Front-Angled-Render-Final2-01.png","datePublished":"2019-09-18T12:14:29+00:00","dateModified":"2023-02-22T15:22:40+00:00","description":"Lo \u00faltimo en nuestra serie de amplificadores RevNet, los amplificadores RevNet CV y \u200b\u200bLZ brindan una gesti\u00f3n de se\u00f1al ultra f\u00e1cil a trav\u00e9s de su red Dante\u00ae y la conveniencia de salidas de altavoz de baja Z (4 \/ 8 \u03a9) o voltaje constante (70.7 \/ 100 V).","breadcrumb":{"@id":"https:\/\/immersive-culture.com\/es\/shop\/revolution-acoustics-es\/revnettm-poe\/#breadcrumb"},"inLanguage":"es","potentialAction":[{"@type":"ReadAction","target":["https:\/\/immersive-culture.com\/es\/shop\/revolution-acoustics-es\/revnettm-poe\/"]}]},{"@type":"ImageObject","inLanguage":"es","@id":"https:\/\/immersive-culture.com\/es\/shop\/revolution-acoustics-es\/revnettm-poe\/#primaryimage","url":"https:\/\/immersive-culture.com\/wp-content\/uploads\/PoECV140-Front-Angled-Render-Final2-01.png","contentUrl":"https:\/\/immersive-culture.com\/wp-content\/uploads\/PoECV140-Front-Angled-Render-Final2-01.png","width":885,"height":498},{"@type":"BreadcrumbList","@id":"https:\/\/immersive-culture.com\/es\/shop\/revolution-acoustics-es\/revnettm-poe\/#breadcrumb","itemListElement":[{"@type":"ListItem","position":1,"name":"Home","item":"https:\/\/www.timmpi.com\/"},{"@type":"ListItem","position":2,"name":"Abrir el camino para una nueva experiencia sonora y hacer la cultura musical inclusiva para todos","item":"https:\/\/www.timmpi.com\/es\/tienda\/"},{"@type":"ListItem","position":3,"name":"Revolution Acoustics","item":"https:\/\/immersive-culture.com\/es\/products\/revolution-acoustics-es\/"},{"@type":"ListItem","position":4,"name":"RevNetTM PoE++ &#8211; LZ220 Lo \u00faltimo en nuestra serie de amplificadores RevNet"}]},{"@type":"WebSite","@id":"https:\/\/www.immersive-culture.com\/es\/#website","url":"https:\/\/www.immersive-culture.com\/es\/","name":"TiMMPi","description":"Make your sound experience unique","publisher":{"@id":"https:\/\/www.immersive-culture.com\/es\/#organization"},"potentialAction":[{"@type":"SearchAction","target":{"@type":"EntryPoint","urlTemplate":"https:\/\/www.immersive-culture.com\/es\/?s={search_term_string}"},"query-input":{"@type":"PropertyValueSpecification","valueRequired":true,"valueName":"search_term_string"}}],"inLanguage":"es"},{"@type":"Organization","@id":"https:\/\/www.immersive-culture.com\/es\/#organization","name":"Timmpi","url":"https:\/\/www.immersive-culture.com\/es\/","logo":{"@type":"ImageObject","inLanguage":"es","@id":"https:\/\/www.immersive-culture.com\/es\/#\/schema\/logo\/image\/","url":"","contentUrl":"","caption":"Timmpi"},"image":{"@id":"https:\/\/www.immersive-culture.com\/es\/#\/schema\/logo\/image\/"},"sameAs":["http:\/\/www.facebook.com\/timmpiofficial","https:\/\/x.com\/timmpi","https:\/\/www.instagram.com\/timmpi_","https:\/\/www.linkedin.com\/company\/timmpi","https:\/\/www.youtube.com\/user\/TimmpiOfficial"]}]},"product_price_amount":"0.00","product_price_currency":"EUR","og_availability":"backorder","product_availability":"available for order","product_condition":"new"},"_links":{"self":[{"href":"https:\/\/immersive-culture.com\/es\/wp-json\/wp\/v2\/product\/339502","targetHints":{"allow":["GET"]}}],"collection":[{"href":"https:\/\/immersive-culture.com\/es\/wp-json\/wp\/v2\/product"}],"about":[{"href":"https:\/\/immersive-culture.com\/es\/wp-json\/wp\/v2\/types\/product"}],"replies":[{"embeddable":true,"href":"https:\/\/immersive-culture.com\/es\/wp-json\/wp\/v2\/comments?post=339502"}],"wp:featuredmedia":[{"embeddable":true,"href":"https:\/\/immersive-culture.com\/es\/wp-json\/wp\/v2\/media\/164684"}],"wp:attachment":[{"href":"https:\/\/immersive-culture.com\/es\/wp-json\/wp\/v2\/media?parent=339502"}],"wp:term":[{"taxonomy":"product_brand","embeddable":true,"href":"https:\/\/immersive-culture.com\/es\/wp-json\/wp\/v2\/product_brand?post=339502"},{"taxonomy":"product_cat","embeddable":true,"href":"https:\/\/immersive-culture.com\/es\/wp-json\/wp\/v2\/product_cat?post=339502"},{"taxonomy":"product_tag","embeddable":true,"href":"https:\/\/immersive-culture.com\/es\/wp-json\/wp\/v2\/product_tag?post=339502"}],"curies":[{"name":"wp","href":"https:\/\/api.w.org\/{rel}","templated":true}]}}