

{"id":342924,"date":"2018-11-22T23:46:00","date_gmt":"2023-06-19T06:12:09","guid":{"rendered":"https:\/\/www.timmpi.com\/?post_type=product&#038;p=342924"},"modified":"2025-12-19T16:13:29","modified_gmt":"2025-12-19T16:13:29","slug":"receptor-uhf-ilr1","status":"publish","type":"product","link":"https:\/\/immersive-culture.com\/es\/shop\/immersive-live-es\/receptor-uhf-ilr1\/","title":{"rendered":"Receptor UHF Timmpi &#8211; ILR1"},"content":{"rendered":"<p>El receptor UHF Timmpi ILR1 es el receptor inal\u00e1mbrico dise\u00f1ado para cualquier dispositivo (Subpac, Woojer, Capsula Sensorial, auriculares, bucle de inducci\u00f3n, etc.) para cable de audio de jack 3,5 mm. Hasta 10 canales. Funciona \u00fanicamente con el <a href=\"https:\/\/www.timmpi.com\/es\/shop\/immersive-live-es\/transmisor-uhf-ilt1\/\" target=\"_blank\" rel=\"noopener noreferrer\">transmisor Timmpi ILT1 UHF<\/a>.<\/p>\n<p><strong>Caracter\u00edsticas:<\/strong><br \/>\n* Receptor est\u00e9reo inal\u00e1mbrico<br \/>\n* Hasta 10 canales<br \/>\n* Con luces de colores para indicar diferentes canales.<br \/>\n* Interruptor deslizante para selecci\u00f3n de canal.<br \/>\n* Control de volumen individual<br \/>\n* Peque\u00f1o y ultraligero<br \/>\n* Clip para cintur\u00f3n para facilitar su uso<br \/>\n* Toma de salida jack de 3,5 mm<\/p>\n<p><strong>Datos t\u00e9cnicos:<\/strong><\/p>\n<table border=\"0\" cellpacing=\"0\" cellpadding=\"0\">\n<body><\/p>\n<tr>\n<td>Sistema<\/td>\n<td>UHF\/RF<\/td>\n<\/tr>\n<tr>\n<td>Modulaci\u00f3n<\/td>\n<td>FM<\/td>\n<\/tr>\n<tr>\n<td>Modo<\/td>\n<td>est\u00e9reo<\/td>\n<\/tr>\n<tr>\n<td>Canales<\/td>\n<td>hasta 10 canales<\/td>\n<\/tr>\n<tr>\n<td>Relaci\u00f3n se\u00f1al-ruido<\/td>\n<td> >75dB<\/td>\n<\/tr>\n<tr>\n<td>THD<\/td>\n<td> &lt;1%<\/td>\n<\/tr>\n<tr>\n<td>Respuesta de frecuencia<\/td>\n<td> 20 ~ 20.000 Hz<\/td>\n<\/tr>\n<tr>\n<td>Autonom\u00eda<\/td>\n<td> hasta 20 horas.<\/td>\n<\/tr>\n<tr>\n<td>Alimentaci\u00f3n<\/td>\n<td> bater\u00eda de litio<\/td>\n<\/tr>\n<tr>\n<td>Tensi\u00f3n nominal<\/td>\n<td>3,7V<\/td>\n<\/tr>\n<tr>\n<td>Capacidad nominal<\/td>\n<td>500mAh<\/td>\n<\/tr>\n<tr>\n<td>Energ\u00eda nominal<\/td>\n<td>1,85 Wh<\/td>\n<\/tr>\n<p><\/body><br \/>\n<\/table>\n","protected":false},"excerpt":{"rendered":"<p>El receptor Timmpi UHF ILR1 es el receptor inal\u00e1mbrico dise\u00f1ado para cualquier dispositivo (Subpac, Woojer, Sensorial Capsule, auriculares, bucle de inducci\u00f3n, etc.) para cable de audio de 3,5 mm. Hasta 10 canales.<\/p>\n","protected":false},"featured_media":11976,"comment_status":"open","ping_status":"closed","template":"","meta":{"inline_featured_image":false},"product_brand":[],"product_cat":[452],"product_tag":[],"class_list":{"0":"post-342924","1":"product","2":"type-product","3":"status-publish","4":"has-post-thumbnail","6":"product_cat-immersive-live-es","8":"first","9":"onbackorder","10":"taxable","11":"shipping-taxable","12":"product-type-simple"},"yoast_head":"<!-- This site is optimized with the Yoast SEO Premium plugin v23.1 (Yoast SEO v24.7) - https:\/\/yoast.com\/wordpress\/plugins\/seo\/ -->\n<title>Receptor UHF Timmpi - ILR1<\/title>\n<meta name=\"description\" content=\"El receptor Timmpi UHF ILR1 es el receptor inal\u00e1mbrico dise\u00f1ado para cualquier dispositivo (Subpac, Woojer, Sensorial Capsule, auriculares, bucle de inducci\u00f3n, etc.) para cable de audio de 3,5 mm. Hasta 10 canales.\" \/>\n<meta name=\"robots\" content=\"index, follow, max-snippet:-1, max-image-preview:large, max-video-preview:-1\" \/>\n<link rel=\"canonical\" href=\"https:\/\/immersive-culture.com\/es\/shop\/immersive-live-es\/receptor-uhf-ilr1\/\" \/>\n<meta property=\"og:locale\" content=\"es_ES\" \/>\n<meta property=\"og:type\" content=\"article\" \/>\n<meta property=\"og:title\" content=\"Receptor UHF Timmpi - ILR1\" \/>\n<meta property=\"og:description\" content=\"El receptor Timmpi UHF ILR1 es el receptor inal\u00e1mbrico dise\u00f1ado para cualquier dispositivo (Subpac, Woojer, Sensorial Capsule, auriculares, bucle de inducci\u00f3n, etc.) para cable de audio de 3,5 mm. Hasta 10 canales.\" \/>\n<meta property=\"og:url\" content=\"https:\/\/immersive-culture.com\/es\/shop\/immersive-live-es\/receptor-uhf-ilr1\/\" \/>\n<meta property=\"og:site_name\" content=\"TiMMPi\" \/>\n<meta property=\"article:publisher\" content=\"http:\/\/www.facebook.com\/timmpiofficial\" \/>\n<meta property=\"article:modified_time\" content=\"2025-12-19T16:13:29+00:00\" \/>\n<meta property=\"og:image\" content=\"https:\/\/immersive-culture.com\/wp-content\/uploads\/uhf-receiver-by-timmpi-5.png\" \/>\n\t<meta property=\"og:image:width\" content=\"1154\" \/>\n\t<meta property=\"og:image:height\" content=\"1260\" \/>\n\t<meta property=\"og:image:type\" content=\"image\/png\" \/>\n<meta name=\"twitter:card\" content=\"summary_large_image\" \/>\n<meta name=\"twitter:site\" content=\"@timmpi\" \/>\n<meta name=\"twitter:label1\" content=\"Precio\" \/>\n\t<meta name=\"twitter:data1\" content=\"\" \/>\n\t<meta name=\"twitter:label2\" content=\"Disponibilidad\" \/>\n\t<meta name=\"twitter:data2\" content=\"Disponible para reservar\" \/>\n<script type=\"application\/ld+json\" class=\"yoast-schema-graph\">{\"@context\":\"https:\/\/schema.org\",\"@graph\":[{\"@type\":\"WebPage\",\"@id\":\"https:\/\/immersive-culture.com\/es\/shop\/immersive-live-es\/receptor-uhf-ilr1\/\",\"url\":\"https:\/\/immersive-culture.com\/es\/shop\/immersive-live-es\/receptor-uhf-ilr1\/\",\"name\":\"Receptor UHF Timmpi - ILR1\",\"isPartOf\":{\"@id\":\"https:\/\/www.timmpi.com\/fr\/#website\"},\"primaryImageOfPage\":{\"@id\":\"https:\/\/immersive-culture.com\/es\/shop\/immersive-live-es\/receptor-uhf-ilr1\/#primaryimage\"},\"image\":{\"@id\":\"https:\/\/immersive-culture.com\/es\/shop\/immersive-live-es\/receptor-uhf-ilr1\/#primaryimage\"},\"thumbnailUrl\":\"https:\/\/immersive-culture.com\/wp-content\/uploads\/uhf-receiver-by-timmpi-5.png\",\"datePublished\":\"2023-06-19T06:12:09+00:00\",\"dateModified\":\"2025-12-19T16:13:29+00:00\",\"description\":\"El receptor Timmpi UHF ILR1 es el receptor inal\u00e1mbrico dise\u00f1ado para cualquier dispositivo (Subpac, Woojer, Sensorial Capsule, auriculares, bucle de inducci\u00f3n, etc.) para cable de audio de 3,5 mm. Hasta 10 canales.\",\"breadcrumb\":{\"@id\":\"https:\/\/immersive-culture.com\/es\/shop\/immersive-live-es\/receptor-uhf-ilr1\/#breadcrumb\"},\"inLanguage\":\"es\",\"potentialAction\":[{\"@type\":\"ReadAction\",\"target\":[\"https:\/\/immersive-culture.com\/es\/shop\/immersive-live-es\/receptor-uhf-ilr1\/\"]}]},{\"@type\":\"ImageObject\",\"inLanguage\":\"es\",\"@id\":\"https:\/\/immersive-culture.com\/es\/shop\/immersive-live-es\/receptor-uhf-ilr1\/#primaryimage\",\"url\":\"https:\/\/immersive-culture.com\/wp-content\/uploads\/uhf-receiver-by-timmpi-5.png\",\"contentUrl\":\"https:\/\/immersive-culture.com\/wp-content\/uploads\/uhf-receiver-by-timmpi-5.png\",\"width\":1154,\"height\":1260},{\"@type\":\"BreadcrumbList\",\"@id\":\"https:\/\/immersive-culture.com\/es\/shop\/immersive-live-es\/receptor-uhf-ilr1\/#breadcrumb\",\"itemListElement\":[{\"@type\":\"ListItem\",\"position\":1,\"name\":\"Home\",\"item\":\"https:\/\/www.immersive-culture.com\/es\/\"},{\"@type\":\"ListItem\",\"position\":2,\"name\":\"Abrir el camino para una nueva experiencia sonora y hacer la cultura musical inclusiva para todos\",\"item\":\"https:\/\/immersive-culture.com\/es\/tienda\/\"},{\"@type\":\"ListItem\",\"position\":3,\"name\":\"Immersive Live\",\"item\":\"https:\/\/immersive-culture.com\/es\/products\/immersive-live-es\/\"},{\"@type\":\"ListItem\",\"position\":4,\"name\":\"Receptor UHF Timmpi &#8211; ILR1\"}]},{\"@type\":\"WebSite\",\"@id\":\"https:\/\/www.timmpi.com\/fr\/#website\",\"url\":\"https:\/\/www.timmpi.com\/fr\/\",\"name\":\"TiMMPi\",\"description\":\"Make your sound experience unique\",\"publisher\":{\"@id\":\"https:\/\/www.timmpi.com\/fr\/#organization\"},\"potentialAction\":[{\"@type\":\"SearchAction\",\"target\":{\"@type\":\"EntryPoint\",\"urlTemplate\":\"https:\/\/www.timmpi.com\/fr\/?s={search_term_string}\"},\"query-input\":{\"@type\":\"PropertyValueSpecification\",\"valueRequired\":true,\"valueName\":\"search_term_string\"}}],\"inLanguage\":\"es\"},{\"@type\":\"Organization\",\"@id\":\"https:\/\/www.timmpi.com\/fr\/#organization\",\"name\":\"Timmpi\",\"url\":\"https:\/\/www.timmpi.com\/fr\/\",\"logo\":{\"@type\":\"ImageObject\",\"inLanguage\":\"es\",\"@id\":\"https:\/\/www.timmpi.com\/fr\/#\/schema\/logo\/image\/\",\"url\":\"\",\"contentUrl\":\"\",\"caption\":\"Timmpi\"},\"image\":{\"@id\":\"https:\/\/www.timmpi.com\/fr\/#\/schema\/logo\/image\/\"},\"sameAs\":[\"http:\/\/www.facebook.com\/timmpiofficial\",\"https:\/\/x.com\/timmpi\",\"https:\/\/www.instagram.com\/timmpi_\",\"https:\/\/www.linkedin.com\/company\/timmpi\",\"https:\/\/www.youtube.com\/user\/TimmpiOfficial\"]}]}<\/script>\n<meta property=\"product:price:amount\" content=\"0.00\" \/>\n<meta property=\"product:price:currency\" content=\"EUR\" \/>\n<meta property=\"og:availability\" content=\"backorder\" \/>\n<meta property=\"product:availability\" content=\"available for order\" \/>\n<meta property=\"product:condition\" content=\"new\" \/>\n<!-- \/ Yoast SEO Premium plugin. -->","yoast_head_json":{"title":"Receptor UHF Timmpi - ILR1","description":"El receptor Timmpi UHF ILR1 es el receptor inal\u00e1mbrico dise\u00f1ado para cualquier dispositivo (Subpac, Woojer, Sensorial Capsule, auriculares, bucle de inducci\u00f3n, etc.) para cable de audio de 3,5 mm. Hasta 10 canales.","robots":{"index":"index","follow":"follow","max-snippet":"max-snippet:-1","max-image-preview":"max-image-preview:large","max-video-preview":"max-video-preview:-1"},"canonical":"https:\/\/immersive-culture.com\/es\/shop\/immersive-live-es\/receptor-uhf-ilr1\/","og_locale":"es_ES","og_type":"article","og_title":"Receptor UHF Timmpi - ILR1","og_description":"El receptor Timmpi UHF ILR1 es el receptor inal\u00e1mbrico dise\u00f1ado para cualquier dispositivo (Subpac, Woojer, Sensorial Capsule, auriculares, bucle de inducci\u00f3n, etc.) para cable de audio de 3,5 mm. Hasta 10 canales.","og_url":"https:\/\/immersive-culture.com\/es\/shop\/immersive-live-es\/receptor-uhf-ilr1\/","og_site_name":"TiMMPi","article_publisher":"http:\/\/www.facebook.com\/timmpiofficial","article_modified_time":"2025-12-19T16:13:29+00:00","og_image":[{"width":1154,"height":1260,"url":"https:\/\/immersive-culture.com\/wp-content\/uploads\/uhf-receiver-by-timmpi-5.png","type":"image\/png"}],"twitter_card":"summary_large_image","twitter_site":"@timmpi","twitter_misc":{"Precio":"","Disponibilidad":"Disponible para reservar"},"schema":{"@context":"https:\/\/schema.org","@graph":[{"@type":"WebPage","@id":"https:\/\/immersive-culture.com\/es\/shop\/immersive-live-es\/receptor-uhf-ilr1\/","url":"https:\/\/immersive-culture.com\/es\/shop\/immersive-live-es\/receptor-uhf-ilr1\/","name":"Receptor UHF Timmpi - ILR1","isPartOf":{"@id":"https:\/\/www.timmpi.com\/fr\/#website"},"primaryImageOfPage":{"@id":"https:\/\/immersive-culture.com\/es\/shop\/immersive-live-es\/receptor-uhf-ilr1\/#primaryimage"},"image":{"@id":"https:\/\/immersive-culture.com\/es\/shop\/immersive-live-es\/receptor-uhf-ilr1\/#primaryimage"},"thumbnailUrl":"https:\/\/immersive-culture.com\/wp-content\/uploads\/uhf-receiver-by-timmpi-5.png","datePublished":"2023-06-19T06:12:09+00:00","dateModified":"2025-12-19T16:13:29+00:00","description":"El receptor Timmpi UHF ILR1 es el receptor inal\u00e1mbrico dise\u00f1ado para cualquier dispositivo (Subpac, Woojer, Sensorial Capsule, auriculares, bucle de inducci\u00f3n, etc.) para cable de audio de 3,5 mm. Hasta 10 canales.","breadcrumb":{"@id":"https:\/\/immersive-culture.com\/es\/shop\/immersive-live-es\/receptor-uhf-ilr1\/#breadcrumb"},"inLanguage":"es","potentialAction":[{"@type":"ReadAction","target":["https:\/\/immersive-culture.com\/es\/shop\/immersive-live-es\/receptor-uhf-ilr1\/"]}]},{"@type":"ImageObject","inLanguage":"es","@id":"https:\/\/immersive-culture.com\/es\/shop\/immersive-live-es\/receptor-uhf-ilr1\/#primaryimage","url":"https:\/\/immersive-culture.com\/wp-content\/uploads\/uhf-receiver-by-timmpi-5.png","contentUrl":"https:\/\/immersive-culture.com\/wp-content\/uploads\/uhf-receiver-by-timmpi-5.png","width":1154,"height":1260},{"@type":"BreadcrumbList","@id":"https:\/\/immersive-culture.com\/es\/shop\/immersive-live-es\/receptor-uhf-ilr1\/#breadcrumb","itemListElement":[{"@type":"ListItem","position":1,"name":"Home","item":"https:\/\/www.immersive-culture.com\/es\/"},{"@type":"ListItem","position":2,"name":"Abrir el camino para una nueva experiencia sonora y hacer la cultura musical inclusiva para todos","item":"https:\/\/immersive-culture.com\/es\/tienda\/"},{"@type":"ListItem","position":3,"name":"Immersive Live","item":"https:\/\/immersive-culture.com\/es\/products\/immersive-live-es\/"},{"@type":"ListItem","position":4,"name":"Receptor UHF Timmpi &#8211; ILR1"}]},{"@type":"WebSite","@id":"https:\/\/www.timmpi.com\/fr\/#website","url":"https:\/\/www.timmpi.com\/fr\/","name":"TiMMPi","description":"Make your sound experience unique","publisher":{"@id":"https:\/\/www.timmpi.com\/fr\/#organization"},"potentialAction":[{"@type":"SearchAction","target":{"@type":"EntryPoint","urlTemplate":"https:\/\/www.timmpi.com\/fr\/?s={search_term_string}"},"query-input":{"@type":"PropertyValueSpecification","valueRequired":true,"valueName":"search_term_string"}}],"inLanguage":"es"},{"@type":"Organization","@id":"https:\/\/www.timmpi.com\/fr\/#organization","name":"Timmpi","url":"https:\/\/www.timmpi.com\/fr\/","logo":{"@type":"ImageObject","inLanguage":"es","@id":"https:\/\/www.timmpi.com\/fr\/#\/schema\/logo\/image\/","url":"","contentUrl":"","caption":"Timmpi"},"image":{"@id":"https:\/\/www.timmpi.com\/fr\/#\/schema\/logo\/image\/"},"sameAs":["http:\/\/www.facebook.com\/timmpiofficial","https:\/\/x.com\/timmpi","https:\/\/www.instagram.com\/timmpi_","https:\/\/www.linkedin.com\/company\/timmpi","https:\/\/www.youtube.com\/user\/TimmpiOfficial"]}]},"product_price_amount":"0.00","product_price_currency":"EUR","og_availability":"backorder","product_availability":"available for order","product_condition":"new"},"_links":{"self":[{"href":"https:\/\/immersive-culture.com\/es\/wp-json\/wp\/v2\/product\/342924","targetHints":{"allow":["GET"]}}],"collection":[{"href":"https:\/\/immersive-culture.com\/es\/wp-json\/wp\/v2\/product"}],"about":[{"href":"https:\/\/immersive-culture.com\/es\/wp-json\/wp\/v2\/types\/product"}],"replies":[{"embeddable":true,"href":"https:\/\/immersive-culture.com\/es\/wp-json\/wp\/v2\/comments?post=342924"}],"wp:featuredmedia":[{"embeddable":true,"href":"https:\/\/immersive-culture.com\/es\/wp-json\/wp\/v2\/media\/11976"}],"wp:attachment":[{"href":"https:\/\/immersive-culture.com\/es\/wp-json\/wp\/v2\/media?parent=342924"}],"wp:term":[{"taxonomy":"product_brand","embeddable":true,"href":"https:\/\/immersive-culture.com\/es\/wp-json\/wp\/v2\/product_brand?post=342924"},{"taxonomy":"product_cat","embeddable":true,"href":"https:\/\/immersive-culture.com\/es\/wp-json\/wp\/v2\/product_cat?post=342924"},{"taxonomy":"product_tag","embeddable":true,"href":"https:\/\/immersive-culture.com\/es\/wp-json\/wp\/v2\/product_tag?post=342924"}],"curies":[{"name":"wp","href":"https:\/\/api.w.org\/{rel}","templated":true}]}}