

{"id":11408,"date":"2018-11-22T23:46:00","date_gmt":"2018-11-22T23:46:00","guid":{"rendered":"https:\/\/www.timmpi.com\/?post_type=product&#038;p=11408"},"modified":"2026-03-25T08:31:35","modified_gmt":"2026-03-25T08:31:35","slug":"recepteur-uhf-ilr1","status":"publish","type":"product","link":"https:\/\/immersive-culture.com\/fr\/shop\/immersive-live\/recepteur-uhf-ilr1\/","title":{"rendered":"R\u00e9cepteur UHF Timmpi &#8211; ILR1"},"content":{"rendered":"<p>Le r\u00e9cepteur UHF Timmpi ILR1 est le r\u00e9cepteur sans fil con\u00e7u pour tout appareil (Subpac, Woojer, Sensorial Capsule, Ecouteurs, tour de cour magn\u00e9tique etc.) pour c\u00e2ble audio 3,5 mm. Jusqu&rsquo;\u00e0 10 canaux. Fonctionne uniquement avec l&rsquo;<a href=\"https:\/\/www.timmpi.com\/fr\/shop\/immersive-live\/transmetteur-uhf-ilt1\/\" target=\"_blank\" rel=\"noopener noreferrer\">\u00e9metteur UHF Timmpi ILT1<\/a>.<\/p>\n<p><strong>Caract\u00e9ristiques\u00a0:<\/strong><br \/>\n* R\u00e9cepteur st\u00e9r\u00e9o sans fil<br \/>\n* Jusqu&rsquo;\u00e0 10 canaux<br \/>\n* Avec des lumi\u00e8res de couleurs pour indiquer diff\u00e9rents canaux<br \/>\n* Interrupteur coulissant pour la s\u00e9lection des canaux<br \/>\n* Contr\u00f4le du volume individuel<br \/>\n* Petit et ultra l\u00e9ger<br \/>\n* Clip de ceinture pour un port facilit\u00e9<br \/>\n* Prise de sortie jack 3,5 mm<\/p>\n<p><strong>Donn\u00e9es techniques\u00a0:<\/strong><\/p>\n<table border=\"0\" cellpacing=\"0\" cellpadding=\"0\">\n<body><\/p>\n<tr>\n<td>\u00a0Syst\u00e8me<\/td>\n<td>\u00a0UHF\/RF<\/td>\n<\/tr>\n<tr>\n<td>\u00a0Modulation<\/td>\n<td>\u00a0FM<\/td>\n<\/tr>\n<tr>\n<td>\u00a0Mode<\/td>\n<td>\u00a0st\u00e9r\u00e9o<\/td>\n<\/tr>\n<tr>\n<td>\u00a0Canaux<\/td>\n<td>\u00a0jusqu&rsquo;\u00e0 10\u00a0canaux<\/td>\n<\/tr>\n<tr>\n<td>\u00a0Rapport signal\/bruit<\/td>\n<td>\u00a0&gt;75\u00a0dB<\/td>\n<\/tr>\n<tr>\n<td>\u00a0THD<\/td>\n<td>\u00a0&lt;1\u00a0%<\/td>\n<\/tr>\n<tr>\n<td>\u00a0R\u00e9ponse en fr\u00e9quence<\/td>\n<td>\u00a020 ~ 20\u00a0000\u00a0Hz<\/td>\n<\/tr>\n<tr>\n<td>\u00a0Autonomie<\/td>\n<td>\u00a0jusqu&rsquo;\u00e0 20\u00a0heures<\/td>\n<\/tr>\n<tr>\n<td>\u00a0Alimentation<\/td>\n<td>\u00a0batterie au lithium<\/td>\n<\/tr>\n<tr>\n<td>\u00a0Tension nominale<\/td>\n<td>\u00a03,7\u00a0V<\/td>\n<\/tr>\n<tr>\n<td>\u00a0Capacit\u00e9 nominale<\/td>\n<td>\u00a0500\u00a0mAh<\/td>\n<\/tr>\n<tr>\n<td>\u00a0\u00c9nergie nominale<\/td>\n<td>\u00a01,85\u00a0Wh<\/td>\n<\/tr>\n<p><\/body><br \/>\n<\/table>\n","protected":false},"excerpt":{"rendered":"<p>Le r\u00e9cepteur UHF ILR1 de Timmpi est le r\u00e9cepteur sans fil con\u00e7u pour tout appareil (Subpac, Woojer, Capsule Sensorielle, \u00e9couteurs, tour de cou magn\u00e9tique, etc..). Port\u00e9e jusqu\u00e0 1km sph\u00e9rique. Qualit\u00e9 HI-FI.<\/p>\n","protected":false},"featured_media":11974,"comment_status":"open","ping_status":"closed","template":"","meta":{"inline_featured_image":false},"product_brand":[],"product_cat":[449],"product_tag":[],"class_list":{"0":"post-11408","1":"product","2":"type-product","3":"status-publish","4":"has-post-thumbnail","6":"product_cat-immersive-live","8":"first","9":"onbackorder","10":"taxable","11":"shipping-taxable","12":"product-type-simple"},"yoast_head":"<!-- This site is optimized with the Yoast SEO Premium plugin v23.1 (Yoast SEO v24.7) - https:\/\/yoast.com\/wordpress\/plugins\/seo\/ -->\n<title>R\u00e9cepteur UHF Timmpi - ILR1<\/title>\n<meta name=\"description\" content=\"Le r\u00e9cepteur UHF ILR1 de Timmpi est le r\u00e9cepteur sans fil con\u00e7u pour tout appareil (Subpac, Woojer, Capsule Sensorielle, \u00e9couteurs, tour de cou magn\u00e9tique, etc..). Port\u00e9e jusqu\u00e0 1km sph\u00e9rique. Qualit\u00e9 HI-FI.\" \/>\n<meta name=\"robots\" content=\"index, follow, max-snippet:-1, max-image-preview:large, max-video-preview:-1\" \/>\n<link rel=\"canonical\" href=\"https:\/\/immersive-culture.com\/fr\/shop\/immersive-live\/recepteur-uhf-ilr1\/\" \/>\n<meta property=\"og:locale\" content=\"fr_FR\" \/>\n<meta property=\"og:type\" content=\"article\" \/>\n<meta property=\"og:title\" content=\"R\u00e9cepteur UHF Timmpi - ILR1\" \/>\n<meta property=\"og:description\" content=\"Le r\u00e9cepteur UHF ILR1 de Timmpi est le r\u00e9cepteur sans fil con\u00e7u pour tout appareil (Subpac, Woojer, Capsule Sensorielle, \u00e9couteurs, tour de cou magn\u00e9tique, etc..). Port\u00e9e jusqu\u00e0 1km sph\u00e9rique. Qualit\u00e9 HI-FI.\" \/>\n<meta property=\"og:url\" content=\"https:\/\/immersive-culture.com\/fr\/shop\/immersive-live\/recepteur-uhf-ilr1\/\" \/>\n<meta property=\"og:site_name\" content=\"TiMMPi\" \/>\n<meta property=\"article:publisher\" content=\"http:\/\/www.facebook.com\/timmpiofficial\" \/>\n<meta property=\"article:modified_time\" content=\"2026-03-25T08:31:35+00:00\" \/>\n<meta property=\"og:image\" content=\"https:\/\/immersive-culture.com\/wp-content\/uploads\/uhf-receiver-by-timmpi-5.png\" \/>\n\t<meta property=\"og:image:width\" content=\"1154\" \/>\n\t<meta property=\"og:image:height\" content=\"1260\" \/>\n\t<meta property=\"og:image:type\" content=\"image\/png\" \/>\n<meta name=\"twitter:card\" content=\"summary_large_image\" \/>\n<meta name=\"twitter:site\" content=\"@timmpi\" \/>\n<meta name=\"twitter:label1\" content=\"Prix\" \/>\n\t<meta name=\"twitter:data1\" content=\"\" \/>\n\t<meta name=\"twitter:label2\" content=\"Disponibilit\u00e9\" \/>\n\t<meta name=\"twitter:data2\" content=\"En r\u00e9assort\" \/>\n<script type=\"application\/ld+json\" class=\"yoast-schema-graph\">{\"@context\":\"https:\/\/schema.org\",\"@graph\":[{\"@type\":\"WebPage\",\"@id\":\"https:\/\/immersive-culture.com\/fr\/shop\/immersive-live\/recepteur-uhf-ilr1\/\",\"url\":\"https:\/\/immersive-culture.com\/fr\/shop\/immersive-live\/recepteur-uhf-ilr1\/\",\"name\":\"R\u00e9cepteur UHF Timmpi - ILR1\",\"isPartOf\":{\"@id\":\"https:\/\/www.timmpi.com\/fr\/#website\"},\"primaryImageOfPage\":{\"@id\":\"https:\/\/immersive-culture.com\/fr\/shop\/immersive-live\/recepteur-uhf-ilr1\/#primaryimage\"},\"image\":{\"@id\":\"https:\/\/immersive-culture.com\/fr\/shop\/immersive-live\/recepteur-uhf-ilr1\/#primaryimage\"},\"thumbnailUrl\":\"https:\/\/immersive-culture.com\/wp-content\/uploads\/uhf-receiver-by-timmpi-5.png\",\"datePublished\":\"2018-11-22T23:46:00+00:00\",\"dateModified\":\"2026-03-25T08:31:35+00:00\",\"description\":\"Le r\u00e9cepteur UHF ILR1 de Timmpi est le r\u00e9cepteur sans fil con\u00e7u pour tout appareil (Subpac, Woojer, Capsule Sensorielle, \u00e9couteurs, tour de cou magn\u00e9tique, etc..). Port\u00e9e jusqu\u00e0 1km sph\u00e9rique. Qualit\u00e9 HI-FI.\",\"breadcrumb\":{\"@id\":\"https:\/\/immersive-culture.com\/fr\/shop\/immersive-live\/recepteur-uhf-ilr1\/#breadcrumb\"},\"inLanguage\":\"fr-FR\",\"potentialAction\":[{\"@type\":\"ReadAction\",\"target\":[\"https:\/\/immersive-culture.com\/fr\/shop\/immersive-live\/recepteur-uhf-ilr1\/\"]}]},{\"@type\":\"ImageObject\",\"inLanguage\":\"fr-FR\",\"@id\":\"https:\/\/immersive-culture.com\/fr\/shop\/immersive-live\/recepteur-uhf-ilr1\/#primaryimage\",\"url\":\"https:\/\/immersive-culture.com\/wp-content\/uploads\/uhf-receiver-by-timmpi-5.png\",\"contentUrl\":\"https:\/\/immersive-culture.com\/wp-content\/uploads\/uhf-receiver-by-timmpi-5.png\",\"width\":1154,\"height\":1260},{\"@type\":\"BreadcrumbList\",\"@id\":\"https:\/\/immersive-culture.com\/fr\/shop\/immersive-live\/recepteur-uhf-ilr1\/#breadcrumb\",\"itemListElement\":[{\"@type\":\"ListItem\",\"position\":1,\"name\":\"Home\",\"item\":\"https:\/\/www.timmpi.com\/fr\/\"},{\"@type\":\"ListItem\",\"position\":2,\"name\":\"Ouvrir la voie \u00e0 une nouvelle exp\u00e9rience sonore plus immersive et inclusive\",\"item\":\"https:\/\/immersive-culture.com\/fr\/shop\/\"},{\"@type\":\"ListItem\",\"position\":3,\"name\":\"Immersive Live\",\"item\":\"https:\/\/immersive-culture.com\/fr\/categorie-produit\/immersive-live\/\"},{\"@type\":\"ListItem\",\"position\":4,\"name\":\"R\u00e9cepteur UHF Timmpi &#8211; ILR1\"}]},{\"@type\":\"WebSite\",\"@id\":\"https:\/\/www.timmpi.com\/fr\/#website\",\"url\":\"https:\/\/www.timmpi.com\/fr\/\",\"name\":\"TiMMPi\",\"description\":\"Make your sound experience unique\",\"publisher\":{\"@id\":\"https:\/\/www.timmpi.com\/fr\/#organization\"},\"potentialAction\":[{\"@type\":\"SearchAction\",\"target\":{\"@type\":\"EntryPoint\",\"urlTemplate\":\"https:\/\/www.timmpi.com\/fr\/?s={search_term_string}\"},\"query-input\":{\"@type\":\"PropertyValueSpecification\",\"valueRequired\":true,\"valueName\":\"search_term_string\"}}],\"inLanguage\":\"fr-FR\"},{\"@type\":\"Organization\",\"@id\":\"https:\/\/www.timmpi.com\/fr\/#organization\",\"name\":\"Timmpi\",\"url\":\"https:\/\/www.timmpi.com\/fr\/\",\"logo\":{\"@type\":\"ImageObject\",\"inLanguage\":\"fr-FR\",\"@id\":\"https:\/\/www.timmpi.com\/fr\/#\/schema\/logo\/image\/\",\"url\":\"\",\"contentUrl\":\"\",\"caption\":\"Timmpi\"},\"image\":{\"@id\":\"https:\/\/www.timmpi.com\/fr\/#\/schema\/logo\/image\/\"},\"sameAs\":[\"http:\/\/www.facebook.com\/timmpiofficial\",\"https:\/\/x.com\/timmpi\",\"https:\/\/www.instagram.com\/timmpi_\",\"https:\/\/www.linkedin.com\/company\/timmpi\",\"https:\/\/www.youtube.com\/user\/TimmpiOfficial\"]}]}<\/script>\n<meta property=\"product:price:amount\" content=\"0.00\" \/>\n<meta property=\"product:price:currency\" content=\"EUR\" \/>\n<meta property=\"og:availability\" content=\"backorder\" \/>\n<meta property=\"product:availability\" content=\"available for order\" \/>\n<meta property=\"product:condition\" content=\"new\" \/>\n<!-- \/ Yoast SEO Premium plugin. -->","yoast_head_json":{"title":"R\u00e9cepteur UHF Timmpi - ILR1","description":"Le r\u00e9cepteur UHF ILR1 de Timmpi est le r\u00e9cepteur sans fil con\u00e7u pour tout appareil (Subpac, Woojer, Capsule Sensorielle, \u00e9couteurs, tour de cou magn\u00e9tique, etc..). Port\u00e9e jusqu\u00e0 1km sph\u00e9rique. Qualit\u00e9 HI-FI.","robots":{"index":"index","follow":"follow","max-snippet":"max-snippet:-1","max-image-preview":"max-image-preview:large","max-video-preview":"max-video-preview:-1"},"canonical":"https:\/\/immersive-culture.com\/fr\/shop\/immersive-live\/recepteur-uhf-ilr1\/","og_locale":"fr_FR","og_type":"article","og_title":"R\u00e9cepteur UHF Timmpi - ILR1","og_description":"Le r\u00e9cepteur UHF ILR1 de Timmpi est le r\u00e9cepteur sans fil con\u00e7u pour tout appareil (Subpac, Woojer, Capsule Sensorielle, \u00e9couteurs, tour de cou magn\u00e9tique, etc..). Port\u00e9e jusqu\u00e0 1km sph\u00e9rique. Qualit\u00e9 HI-FI.","og_url":"https:\/\/immersive-culture.com\/fr\/shop\/immersive-live\/recepteur-uhf-ilr1\/","og_site_name":"TiMMPi","article_publisher":"http:\/\/www.facebook.com\/timmpiofficial","article_modified_time":"2026-03-25T08:31:35+00:00","og_image":[{"width":1154,"height":1260,"url":"https:\/\/immersive-culture.com\/wp-content\/uploads\/uhf-receiver-by-timmpi-5.png","type":"image\/png"}],"twitter_card":"summary_large_image","twitter_site":"@timmpi","twitter_misc":{"Prix":"","Disponibilit\u00e9":"En r\u00e9assort"},"schema":{"@context":"https:\/\/schema.org","@graph":[{"@type":"WebPage","@id":"https:\/\/immersive-culture.com\/fr\/shop\/immersive-live\/recepteur-uhf-ilr1\/","url":"https:\/\/immersive-culture.com\/fr\/shop\/immersive-live\/recepteur-uhf-ilr1\/","name":"R\u00e9cepteur UHF Timmpi - ILR1","isPartOf":{"@id":"https:\/\/www.timmpi.com\/fr\/#website"},"primaryImageOfPage":{"@id":"https:\/\/immersive-culture.com\/fr\/shop\/immersive-live\/recepteur-uhf-ilr1\/#primaryimage"},"image":{"@id":"https:\/\/immersive-culture.com\/fr\/shop\/immersive-live\/recepteur-uhf-ilr1\/#primaryimage"},"thumbnailUrl":"https:\/\/immersive-culture.com\/wp-content\/uploads\/uhf-receiver-by-timmpi-5.png","datePublished":"2018-11-22T23:46:00+00:00","dateModified":"2026-03-25T08:31:35+00:00","description":"Le r\u00e9cepteur UHF ILR1 de Timmpi est le r\u00e9cepteur sans fil con\u00e7u pour tout appareil (Subpac, Woojer, Capsule Sensorielle, \u00e9couteurs, tour de cou magn\u00e9tique, etc..). Port\u00e9e jusqu\u00e0 1km sph\u00e9rique. Qualit\u00e9 HI-FI.","breadcrumb":{"@id":"https:\/\/immersive-culture.com\/fr\/shop\/immersive-live\/recepteur-uhf-ilr1\/#breadcrumb"},"inLanguage":"fr-FR","potentialAction":[{"@type":"ReadAction","target":["https:\/\/immersive-culture.com\/fr\/shop\/immersive-live\/recepteur-uhf-ilr1\/"]}]},{"@type":"ImageObject","inLanguage":"fr-FR","@id":"https:\/\/immersive-culture.com\/fr\/shop\/immersive-live\/recepteur-uhf-ilr1\/#primaryimage","url":"https:\/\/immersive-culture.com\/wp-content\/uploads\/uhf-receiver-by-timmpi-5.png","contentUrl":"https:\/\/immersive-culture.com\/wp-content\/uploads\/uhf-receiver-by-timmpi-5.png","width":1154,"height":1260},{"@type":"BreadcrumbList","@id":"https:\/\/immersive-culture.com\/fr\/shop\/immersive-live\/recepteur-uhf-ilr1\/#breadcrumb","itemListElement":[{"@type":"ListItem","position":1,"name":"Home","item":"https:\/\/www.timmpi.com\/fr\/"},{"@type":"ListItem","position":2,"name":"Ouvrir la voie \u00e0 une nouvelle exp\u00e9rience sonore plus immersive et inclusive","item":"https:\/\/immersive-culture.com\/fr\/shop\/"},{"@type":"ListItem","position":3,"name":"Immersive Live","item":"https:\/\/immersive-culture.com\/fr\/categorie-produit\/immersive-live\/"},{"@type":"ListItem","position":4,"name":"R\u00e9cepteur UHF Timmpi &#8211; ILR1"}]},{"@type":"WebSite","@id":"https:\/\/www.timmpi.com\/fr\/#website","url":"https:\/\/www.timmpi.com\/fr\/","name":"TiMMPi","description":"Make your sound experience unique","publisher":{"@id":"https:\/\/www.timmpi.com\/fr\/#organization"},"potentialAction":[{"@type":"SearchAction","target":{"@type":"EntryPoint","urlTemplate":"https:\/\/www.timmpi.com\/fr\/?s={search_term_string}"},"query-input":{"@type":"PropertyValueSpecification","valueRequired":true,"valueName":"search_term_string"}}],"inLanguage":"fr-FR"},{"@type":"Organization","@id":"https:\/\/www.timmpi.com\/fr\/#organization","name":"Timmpi","url":"https:\/\/www.timmpi.com\/fr\/","logo":{"@type":"ImageObject","inLanguage":"fr-FR","@id":"https:\/\/www.timmpi.com\/fr\/#\/schema\/logo\/image\/","url":"","contentUrl":"","caption":"Timmpi"},"image":{"@id":"https:\/\/www.timmpi.com\/fr\/#\/schema\/logo\/image\/"},"sameAs":["http:\/\/www.facebook.com\/timmpiofficial","https:\/\/x.com\/timmpi","https:\/\/www.instagram.com\/timmpi_","https:\/\/www.linkedin.com\/company\/timmpi","https:\/\/www.youtube.com\/user\/TimmpiOfficial"]}]},"product_price_amount":"0.00","product_price_currency":"EUR","og_availability":"backorder","product_availability":"available for order","product_condition":"new"},"_links":{"self":[{"href":"https:\/\/immersive-culture.com\/fr\/wp-json\/wp\/v2\/product\/11408","targetHints":{"allow":["GET"]}}],"collection":[{"href":"https:\/\/immersive-culture.com\/fr\/wp-json\/wp\/v2\/product"}],"about":[{"href":"https:\/\/immersive-culture.com\/fr\/wp-json\/wp\/v2\/types\/product"}],"replies":[{"embeddable":true,"href":"https:\/\/immersive-culture.com\/fr\/wp-json\/wp\/v2\/comments?post=11408"}],"wp:featuredmedia":[{"embeddable":true,"href":"https:\/\/immersive-culture.com\/fr\/wp-json\/wp\/v2\/media\/11974"}],"wp:attachment":[{"href":"https:\/\/immersive-culture.com\/fr\/wp-json\/wp\/v2\/media?parent=11408"}],"wp:term":[{"taxonomy":"product_brand","embeddable":true,"href":"https:\/\/immersive-culture.com\/fr\/wp-json\/wp\/v2\/product_brand?post=11408"},{"taxonomy":"product_cat","embeddable":true,"href":"https:\/\/immersive-culture.com\/fr\/wp-json\/wp\/v2\/product_cat?post=11408"},{"taxonomy":"product_tag","embeddable":true,"href":"https:\/\/immersive-culture.com\/fr\/wp-json\/wp\/v2\/product_tag?post=11408"}],"curies":[{"name":"wp","href":"https:\/\/api.w.org\/{rel}","templated":true}]}}