

{"id":11413,"date":"2018-11-23T00:00:44","date_gmt":"2018-11-23T00:00:44","guid":{"rendered":"https:\/\/www.timmpi.com\/?post_type=product&#038;p=11413"},"modified":"2025-06-02T19:01:42","modified_gmt":"2025-06-02T19:01:42","slug":"transmetteur-uhf-ilt1","status":"publish","type":"product","link":"https:\/\/immersive-culture.com\/fr\/shop\/immersive-live\/transmetteur-uhf-ilt1\/","title":{"rendered":"Transmetteur UHF Timmpi &#8211; ILT1"},"content":{"rendered":"<p><strong>Description :<\/strong><\/p>\n<p>L&rsquo;ILT1 transmet l&rsquo;audio haute fid\u00e9lit\u00e9 \u00e0 n&rsquo;importe quel appareil (Subpac, Woojer, Capsule Sensorielle, \u00e9couteurs, haut-parleurs, etc.). Il permet une grande distance de transmission, jusqu&rsquo;\u00e0 1km sph\u00e9rique. Fonctionne uniquement avec les <a href=\"https:\/\/www.timmpi.com\/fr\/shop\/immersive-live\/recepteur-uhf-ilr1\/\" target=\"_blank\" rel=\"noopener noreferrer\">r\u00e9cepteurs UHF ILR1 de TIMMPI<\/a>.<\/p>\n<p><strong>Caract\u00e9ristiques\u00a0:<\/strong><br \/>\n* \u00c9metteur st\u00e9r\u00e9o sans fil (jusqu&rsquo;\u00e0 10 canaux).<br \/>\n* Options de puissance de transmission faible et \u00e9lev\u00e9e.<br \/>\n* Affichage du canal de travail actuel.<br \/>\n* Appuyez sur le bouton pour s\u00e9lectionner diff\u00e9rents canaux.<br \/>\n* Port\u00e9e sup\u00e9rieure \u00e0 500 m\u00e8tres (1 500 pieds).<br \/>\n* \u00c9metteur avec coque m\u00e9tallique.<br \/>\n* Antenne pour atteindre une plus longue distance.<\/p>\n<p><strong>Donn\u00e9es techniques\u00a0:<\/strong><\/p>\n<table border=\"0\" cellpacing=\"0\" cellpadding=\"0\">\n<corps><\/p>\n<tr>\n<td>\u00a0Syst\u00e8me<\/td>\n<td>\u00a0UHF\/RF<\/td>\n<\/tr>\n<tr>\n<td>\u00a0Modulation<\/td>\n<td>\u00a0FM<\/td>\n<\/tr>\n<tr>\n<td>\u00a0Mode<\/td>\n<td>\u00a0st\u00e9r\u00e9o<\/td>\n<\/tr>\n<tr>\n<td>\u00a0Fr\u00e9quences<\/td>\n<td>\u00a0Bande 863\u00a0MHz\/925\u00a0MHz<\/td>\n<\/tr>\n<tr>\n<td>\u00a0Canaux<\/td>\n<td>\u00a0Jusqu&rsquo;\u00e0 10\u00a0canaux<\/td>\n<\/tr>\n<tr>\n<td>\u00a0Distance de diffusion<\/td>\n<td>Plus de 500 m\u00e8tres (1 500 pieds) ou 1km sph\u00e9rique<\/td>\n<\/tr>\n<tr>\n<td>\u00a0Alimentation<\/td>\n<td>\u00a0Adaptateur\u00a0CC 12\u00a0V<\/td>\n<\/tr>\n<tr>\n<td>\u00a0Puissance de sortie<\/td>\n<td>\u00a020\u00a0mW<\/td>\n<\/tr>\n<tr>\n<td>\u00a0Puissance de transmission, faible<\/td>\n<td>\u00a020\u00a0dBm<\/td>\n<\/tr>\n<tr>\n<td>\u00a0Puissance de transmission, \u00e9lev\u00e9e<\/td>\n<td>\u00a030\u00a0dBm<\/td>\n<\/tr>\n<tr>\n<td>\u00a0Port\u00e9e effective, faible<\/td>\n<td>\u00a0Jusqu&rsquo;\u00e0 200\u00a0m\u00e8tres (600 pieds) en faible puissance<\/td>\n<\/tr>\n<tr>\n<td>\u00a0Port\u00e9e effective, \u00e9lev\u00e9e\n<\/td>\n<td>\u00a0Plus de 500\u00a0m\u00e8tres (1\u00a0500\u00a0pieds) en puissance \u00e9lev\u00e9e<\/td>\n<\/tr>\n<\/tbody>\n<\/table>\n","protected":false},"excerpt":{"rendered":"<p>L\u2019\u00e9metteur UHF ILT1 permet une transmission de l&rsquo;audio haute fid\u00e9lit\u00e9 vers n&rsquo;importe quel appareil (Subpac, Woojer, enceintes, casques, tours de cou magn\u00e9tique, etc..). Il permet une grande distance de transmission, jusqu&rsquo;\u00e0 500 m\u00e8tres ou 1km sph\u00e9rique. Fonctionne uniquement avec les r\u00e9cepteurs UHF ILR1 de Timmpi.<\/p>\n","protected":false},"featured_media":345157,"comment_status":"open","ping_status":"closed","template":"","meta":{"inline_featured_image":false},"product_brand":[],"product_cat":[449],"product_tag":[],"class_list":{"0":"post-11413","1":"product","2":"type-product","3":"status-publish","4":"has-post-thumbnail","6":"product_cat-immersive-live","8":"first","9":"instock","10":"taxable","11":"shipping-taxable","12":"product-type-simple"},"yoast_head":"<!-- This site is optimized with the Yoast SEO Premium plugin v23.1 (Yoast SEO v24.7) - https:\/\/yoast.com\/wordpress\/plugins\/seo\/ -->\n<title>Transmetteur UHF Timmpi - ILT1<\/title>\n<meta name=\"description\" content=\"L\u2019\u00e9metteur UHF ILT1 permet une transmission de l&#039;audio haute fid\u00e9lit\u00e9 vers n&#039;importe quel appareil (Subpac, Woojer, Capsule Sensorielle, enceintes, casques, tours de cou magn\u00e9tique, etc..). Il permet une grande distance de transmission, jusqu&#039;\u00e0 500 m\u00e8tres ou 1km sph\u00e9rique. Fonctionne uniquement avec les r\u00e9cepteurs UHF ILR1 de Timmpi.\" \/>\n<meta name=\"robots\" content=\"index, follow, max-snippet:-1, max-image-preview:large, max-video-preview:-1\" \/>\n<link rel=\"canonical\" href=\"https:\/\/immersive-culture.com\/fr\/shop\/immersive-live\/transmetteur-uhf-ilt1\/\" \/>\n<meta property=\"og:locale\" content=\"fr_FR\" \/>\n<meta property=\"og:type\" content=\"article\" \/>\n<meta property=\"og:title\" content=\"Transmetteur UHF Timmpi - ILT1\" \/>\n<meta property=\"og:description\" content=\"L\u2019\u00e9metteur UHF ILT1 permet une transmission de l&#039;audio haute fid\u00e9lit\u00e9 vers n&#039;importe quel appareil (Subpac, Woojer, Capsule Sensorielle, enceintes, casques, tours de cou magn\u00e9tique, etc..). Il permet une grande distance de transmission, jusqu&#039;\u00e0 500 m\u00e8tres ou 1km sph\u00e9rique. Fonctionne uniquement avec les r\u00e9cepteurs UHF ILR1 de Timmpi.\" \/>\n<meta property=\"og:url\" content=\"https:\/\/immersive-culture.com\/fr\/shop\/immersive-live\/transmetteur-uhf-ilt1\/\" \/>\n<meta property=\"og:site_name\" content=\"TiMMPi\" \/>\n<meta property=\"article:publisher\" content=\"http:\/\/www.facebook.com\/timmpiofficial\" \/>\n<meta property=\"article:modified_time\" content=\"2025-06-02T19:01:42+00:00\" \/>\n<meta property=\"og:image\" content=\"https:\/\/immersive-culture.com\/wp-content\/uploads\/ILT1_Timmpi_001-2.png\" \/>\n\t<meta property=\"og:image:width\" content=\"348\" \/>\n\t<meta property=\"og:image:height\" content=\"717\" \/>\n\t<meta property=\"og:image:type\" content=\"image\/png\" \/>\n<meta name=\"twitter:card\" content=\"summary_large_image\" \/>\n<meta name=\"twitter:site\" content=\"@timmpi\" \/>\n<meta name=\"twitter:label1\" content=\"Prix\" \/>\n\t<meta name=\"twitter:data1\" content=\"\" \/>\n\t<meta name=\"twitter:label2\" content=\"Disponibilit\u00e9\" \/>\n\t<meta name=\"twitter:data2\" content=\"En stock\" \/>\n<script type=\"application\/ld+json\" class=\"yoast-schema-graph\">{\"@context\":\"https:\/\/schema.org\",\"@graph\":[{\"@type\":\"WebPage\",\"@id\":\"https:\/\/immersive-culture.com\/fr\/shop\/immersive-live\/transmetteur-uhf-ilt1\/\",\"url\":\"https:\/\/immersive-culture.com\/fr\/shop\/immersive-live\/transmetteur-uhf-ilt1\/\",\"name\":\"Transmetteur UHF Timmpi - ILT1\",\"isPartOf\":{\"@id\":\"https:\/\/www.timmpi.com\/fr\/#website\"},\"primaryImageOfPage\":{\"@id\":\"https:\/\/immersive-culture.com\/fr\/shop\/immersive-live\/transmetteur-uhf-ilt1\/#primaryimage\"},\"image\":{\"@id\":\"https:\/\/immersive-culture.com\/fr\/shop\/immersive-live\/transmetteur-uhf-ilt1\/#primaryimage\"},\"thumbnailUrl\":\"https:\/\/immersive-culture.com\/wp-content\/uploads\/ILT1_Timmpi_001-2.png\",\"datePublished\":\"2018-11-23T00:00:44+00:00\",\"dateModified\":\"2025-06-02T19:01:42+00:00\",\"description\":\"L\u2019\u00e9metteur UHF ILT1 permet une transmission de l'audio haute fid\u00e9lit\u00e9 vers n'importe quel appareil (Subpac, Woojer, Capsule Sensorielle, enceintes, casques, tours de cou magn\u00e9tique, etc..). Il permet une grande distance de transmission, jusqu'\u00e0 500 m\u00e8tres ou 1km sph\u00e9rique. Fonctionne uniquement avec les r\u00e9cepteurs UHF ILR1 de Timmpi.\",\"breadcrumb\":{\"@id\":\"https:\/\/immersive-culture.com\/fr\/shop\/immersive-live\/transmetteur-uhf-ilt1\/#breadcrumb\"},\"inLanguage\":\"fr-FR\",\"potentialAction\":[{\"@type\":\"ReadAction\",\"target\":[\"https:\/\/immersive-culture.com\/fr\/shop\/immersive-live\/transmetteur-uhf-ilt1\/\"]}]},{\"@type\":\"ImageObject\",\"inLanguage\":\"fr-FR\",\"@id\":\"https:\/\/immersive-culture.com\/fr\/shop\/immersive-live\/transmetteur-uhf-ilt1\/#primaryimage\",\"url\":\"https:\/\/immersive-culture.com\/wp-content\/uploads\/ILT1_Timmpi_001-2.png\",\"contentUrl\":\"https:\/\/immersive-culture.com\/wp-content\/uploads\/ILT1_Timmpi_001-2.png\",\"width\":348,\"height\":717},{\"@type\":\"BreadcrumbList\",\"@id\":\"https:\/\/immersive-culture.com\/fr\/shop\/immersive-live\/transmetteur-uhf-ilt1\/#breadcrumb\",\"itemListElement\":[{\"@type\":\"ListItem\",\"position\":1,\"name\":\"Home\",\"item\":\"https:\/\/www.timmpi.com\/fr\/\"},{\"@type\":\"ListItem\",\"position\":2,\"name\":\"Ouvrir la voie \u00e0 une nouvelle exp\u00e9rience sonore plus immersive et inclusive\",\"item\":\"https:\/\/immersive-culture.com\/fr\/shop\/\"},{\"@type\":\"ListItem\",\"position\":3,\"name\":\"Immersive Live\",\"item\":\"https:\/\/immersive-culture.com\/fr\/categorie-produit\/immersive-live\/\"},{\"@type\":\"ListItem\",\"position\":4,\"name\":\"Transmetteur UHF Timmpi &#8211; ILT1\"}]},{\"@type\":\"WebSite\",\"@id\":\"https:\/\/www.timmpi.com\/fr\/#website\",\"url\":\"https:\/\/www.timmpi.com\/fr\/\",\"name\":\"TiMMPi\",\"description\":\"Make your sound experience unique\",\"publisher\":{\"@id\":\"https:\/\/www.timmpi.com\/fr\/#organization\"},\"potentialAction\":[{\"@type\":\"SearchAction\",\"target\":{\"@type\":\"EntryPoint\",\"urlTemplate\":\"https:\/\/www.timmpi.com\/fr\/?s={search_term_string}\"},\"query-input\":{\"@type\":\"PropertyValueSpecification\",\"valueRequired\":true,\"valueName\":\"search_term_string\"}}],\"inLanguage\":\"fr-FR\"},{\"@type\":\"Organization\",\"@id\":\"https:\/\/www.timmpi.com\/fr\/#organization\",\"name\":\"Timmpi\",\"url\":\"https:\/\/www.timmpi.com\/fr\/\",\"logo\":{\"@type\":\"ImageObject\",\"inLanguage\":\"fr-FR\",\"@id\":\"https:\/\/www.timmpi.com\/fr\/#\/schema\/logo\/image\/\",\"url\":\"\",\"contentUrl\":\"\",\"caption\":\"Timmpi\"},\"image\":{\"@id\":\"https:\/\/www.timmpi.com\/fr\/#\/schema\/logo\/image\/\"},\"sameAs\":[\"http:\/\/www.facebook.com\/timmpiofficial\",\"https:\/\/x.com\/timmpi\",\"https:\/\/www.instagram.com\/timmpi_\",\"https:\/\/www.linkedin.com\/company\/timmpi\",\"https:\/\/www.youtube.com\/user\/TimmpiOfficial\"]}]}<\/script>\n<meta property=\"product:price:amount\" content=\"0.00\" \/>\n<meta property=\"product:price:currency\" content=\"EUR\" \/>\n<meta property=\"og:availability\" content=\"instock\" \/>\n<meta property=\"product:availability\" content=\"instock\" \/>\n<meta property=\"product:condition\" content=\"new\" \/>\n<!-- \/ Yoast SEO Premium plugin. -->","yoast_head_json":{"title":"Transmetteur UHF Timmpi - ILT1","description":"L\u2019\u00e9metteur UHF ILT1 permet une transmission de l'audio haute fid\u00e9lit\u00e9 vers n'importe quel appareil (Subpac, Woojer, Capsule Sensorielle, enceintes, casques, tours de cou magn\u00e9tique, etc..). Il permet une grande distance de transmission, jusqu'\u00e0 500 m\u00e8tres ou 1km sph\u00e9rique. Fonctionne uniquement avec les r\u00e9cepteurs UHF ILR1 de Timmpi.","robots":{"index":"index","follow":"follow","max-snippet":"max-snippet:-1","max-image-preview":"max-image-preview:large","max-video-preview":"max-video-preview:-1"},"canonical":"https:\/\/immersive-culture.com\/fr\/shop\/immersive-live\/transmetteur-uhf-ilt1\/","og_locale":"fr_FR","og_type":"article","og_title":"Transmetteur UHF Timmpi - ILT1","og_description":"L\u2019\u00e9metteur UHF ILT1 permet une transmission de l'audio haute fid\u00e9lit\u00e9 vers n'importe quel appareil (Subpac, Woojer, Capsule Sensorielle, enceintes, casques, tours de cou magn\u00e9tique, etc..). Il permet une grande distance de transmission, jusqu'\u00e0 500 m\u00e8tres ou 1km sph\u00e9rique. Fonctionne uniquement avec les r\u00e9cepteurs UHF ILR1 de Timmpi.","og_url":"https:\/\/immersive-culture.com\/fr\/shop\/immersive-live\/transmetteur-uhf-ilt1\/","og_site_name":"TiMMPi","article_publisher":"http:\/\/www.facebook.com\/timmpiofficial","article_modified_time":"2025-06-02T19:01:42+00:00","og_image":[{"width":348,"height":717,"url":"https:\/\/immersive-culture.com\/wp-content\/uploads\/ILT1_Timmpi_001-2.png","type":"image\/png"}],"twitter_card":"summary_large_image","twitter_site":"@timmpi","twitter_misc":{"Prix":"","Disponibilit\u00e9":"En stock"},"schema":{"@context":"https:\/\/schema.org","@graph":[{"@type":"WebPage","@id":"https:\/\/immersive-culture.com\/fr\/shop\/immersive-live\/transmetteur-uhf-ilt1\/","url":"https:\/\/immersive-culture.com\/fr\/shop\/immersive-live\/transmetteur-uhf-ilt1\/","name":"Transmetteur UHF Timmpi - ILT1","isPartOf":{"@id":"https:\/\/www.timmpi.com\/fr\/#website"},"primaryImageOfPage":{"@id":"https:\/\/immersive-culture.com\/fr\/shop\/immersive-live\/transmetteur-uhf-ilt1\/#primaryimage"},"image":{"@id":"https:\/\/immersive-culture.com\/fr\/shop\/immersive-live\/transmetteur-uhf-ilt1\/#primaryimage"},"thumbnailUrl":"https:\/\/immersive-culture.com\/wp-content\/uploads\/ILT1_Timmpi_001-2.png","datePublished":"2018-11-23T00:00:44+00:00","dateModified":"2025-06-02T19:01:42+00:00","description":"L\u2019\u00e9metteur UHF ILT1 permet une transmission de l'audio haute fid\u00e9lit\u00e9 vers n'importe quel appareil (Subpac, Woojer, Capsule Sensorielle, enceintes, casques, tours de cou magn\u00e9tique, etc..). Il permet une grande distance de transmission, jusqu'\u00e0 500 m\u00e8tres ou 1km sph\u00e9rique. Fonctionne uniquement avec les r\u00e9cepteurs UHF ILR1 de Timmpi.","breadcrumb":{"@id":"https:\/\/immersive-culture.com\/fr\/shop\/immersive-live\/transmetteur-uhf-ilt1\/#breadcrumb"},"inLanguage":"fr-FR","potentialAction":[{"@type":"ReadAction","target":["https:\/\/immersive-culture.com\/fr\/shop\/immersive-live\/transmetteur-uhf-ilt1\/"]}]},{"@type":"ImageObject","inLanguage":"fr-FR","@id":"https:\/\/immersive-culture.com\/fr\/shop\/immersive-live\/transmetteur-uhf-ilt1\/#primaryimage","url":"https:\/\/immersive-culture.com\/wp-content\/uploads\/ILT1_Timmpi_001-2.png","contentUrl":"https:\/\/immersive-culture.com\/wp-content\/uploads\/ILT1_Timmpi_001-2.png","width":348,"height":717},{"@type":"BreadcrumbList","@id":"https:\/\/immersive-culture.com\/fr\/shop\/immersive-live\/transmetteur-uhf-ilt1\/#breadcrumb","itemListElement":[{"@type":"ListItem","position":1,"name":"Home","item":"https:\/\/www.timmpi.com\/fr\/"},{"@type":"ListItem","position":2,"name":"Ouvrir la voie \u00e0 une nouvelle exp\u00e9rience sonore plus immersive et inclusive","item":"https:\/\/immersive-culture.com\/fr\/shop\/"},{"@type":"ListItem","position":3,"name":"Immersive Live","item":"https:\/\/immersive-culture.com\/fr\/categorie-produit\/immersive-live\/"},{"@type":"ListItem","position":4,"name":"Transmetteur UHF Timmpi &#8211; ILT1"}]},{"@type":"WebSite","@id":"https:\/\/www.timmpi.com\/fr\/#website","url":"https:\/\/www.timmpi.com\/fr\/","name":"TiMMPi","description":"Make your sound experience unique","publisher":{"@id":"https:\/\/www.timmpi.com\/fr\/#organization"},"potentialAction":[{"@type":"SearchAction","target":{"@type":"EntryPoint","urlTemplate":"https:\/\/www.timmpi.com\/fr\/?s={search_term_string}"},"query-input":{"@type":"PropertyValueSpecification","valueRequired":true,"valueName":"search_term_string"}}],"inLanguage":"fr-FR"},{"@type":"Organization","@id":"https:\/\/www.timmpi.com\/fr\/#organization","name":"Timmpi","url":"https:\/\/www.timmpi.com\/fr\/","logo":{"@type":"ImageObject","inLanguage":"fr-FR","@id":"https:\/\/www.timmpi.com\/fr\/#\/schema\/logo\/image\/","url":"","contentUrl":"","caption":"Timmpi"},"image":{"@id":"https:\/\/www.timmpi.com\/fr\/#\/schema\/logo\/image\/"},"sameAs":["http:\/\/www.facebook.com\/timmpiofficial","https:\/\/x.com\/timmpi","https:\/\/www.instagram.com\/timmpi_","https:\/\/www.linkedin.com\/company\/timmpi","https:\/\/www.youtube.com\/user\/TimmpiOfficial"]}]},"product_price_amount":"0.00","product_price_currency":"EUR","og_availability":"instock","product_availability":"instock","product_condition":"new"},"_links":{"self":[{"href":"https:\/\/immersive-culture.com\/fr\/wp-json\/wp\/v2\/product\/11413","targetHints":{"allow":["GET"]}}],"collection":[{"href":"https:\/\/immersive-culture.com\/fr\/wp-json\/wp\/v2\/product"}],"about":[{"href":"https:\/\/immersive-culture.com\/fr\/wp-json\/wp\/v2\/types\/product"}],"replies":[{"embeddable":true,"href":"https:\/\/immersive-culture.com\/fr\/wp-json\/wp\/v2\/comments?post=11413"}],"wp:featuredmedia":[{"embeddable":true,"href":"https:\/\/immersive-culture.com\/fr\/wp-json\/wp\/v2\/media\/345157"}],"wp:attachment":[{"href":"https:\/\/immersive-culture.com\/fr\/wp-json\/wp\/v2\/media?parent=11413"}],"wp:term":[{"taxonomy":"product_brand","embeddable":true,"href":"https:\/\/immersive-culture.com\/fr\/wp-json\/wp\/v2\/product_brand?post=11413"},{"taxonomy":"product_cat","embeddable":true,"href":"https:\/\/immersive-culture.com\/fr\/wp-json\/wp\/v2\/product_cat?post=11413"},{"taxonomy":"product_tag","embeddable":true,"href":"https:\/\/immersive-culture.com\/fr\/wp-json\/wp\/v2\/product_tag?post=11413"}],"curies":[{"name":"wp","href":"https:\/\/api.w.org\/{rel}","templated":true}]}}