

{"id":342928,"date":"2023-06-19T14:17:07","date_gmt":"2023-06-19T14:17:07","guid":{"rendered":"https:\/\/www.timmpi.com\/?post_type=product&#038;p=342928"},"modified":"2023-10-31T08:45:44","modified_gmt":"2023-10-31T08:45:44","slug":"casque-op-778","status":"publish","type":"product","link":"https:\/\/immersive-culture.com\/fr\/shop\/immersive-live\/casque-op-778\/","title":{"rendered":"Casque OP-778 binaural &#8211; Timmpi"},"content":{"rendered":"<p>Casque OP-778 r\u00e9glable et \u00e9quip\u00e9 de prot\u00e8ge oreilles \u00e0 m\u00e9moire de forme, il permet un meilleur confort d\u2019\u00e9coute. Il est l\u00e9ger et pliable pour plus de mobilit\u00e9 et un gain de place au rangement.<\/p>\n<p>Longueur de la ligne : 1m20<\/p>\n<p>Sensibilit\u00e9 : 120\u00b13dB<\/p>\n<p>R\u00e9sistance : 16\u03a9<\/p>\n<p>R\u00e9ponse en fr\u00e9quence : 20 -20000 Hz<\/p>\n<p>Connecteurs : 3,5mm Jack<\/p>\n<p>Certifications : CE, ROHS<\/p>\n","protected":false},"excerpt":{"rendered":"<p>R\u00e9glable et \u00e9quip\u00e9 de prot\u00e8ge oreilles \u00e0 m\u00e9moire de forme, il permet un meilleur confort d\u2019\u00e9coute. Il est l\u00e9ger et pliable pour plus de mobilit\u00e9 et un gain de place au rangement.<\/p>\n<p>Longueur de la ligne : 1m20<\/p>\n<p>Sensibilit\u00e9 : 120\u00b13dB<\/p>\n<p>R\u00e9sistance : 16\u03a9<\/p>\n<p>R\u00e9ponse en fr\u00e9quence : 20 -20000 Hz<\/p>\n<p>Connecteurs : 3,5mm Jack<\/p>\n<p>Certifications : CE, ROHS<\/p>\n","protected":false},"featured_media":343729,"comment_status":"open","ping_status":"closed","template":"","meta":{"inline_featured_image":false},"product_brand":[],"product_cat":[449],"product_tag":[],"class_list":{"0":"post-342928","1":"product","2":"type-product","3":"status-publish","4":"has-post-thumbnail","6":"product_cat-immersive-live","8":"first","9":"instock","10":"taxable","11":"shipping-taxable","12":"product-type-simple"},"yoast_head":"<!-- This site is optimized with the Yoast SEO Premium plugin v23.1 (Yoast SEO v24.7) - https:\/\/yoast.com\/wordpress\/plugins\/seo\/ -->\n<title>Casque OP-778<\/title>\n<meta name=\"description\" content=\"Casque OP-778 r\u00e9glable et \u00e9quip\u00e9 de prot\u00e8ge oreilles \u00e0 m\u00e9moire de forme, il permet un meilleur confort d\u2019\u00e9coute.\" \/>\n<meta name=\"robots\" content=\"index, follow, max-snippet:-1, max-image-preview:large, max-video-preview:-1\" \/>\n<link rel=\"canonical\" href=\"https:\/\/immersive-culture.com\/fr\/shop\/immersive-live\/casque-op-778\/\" \/>\n<meta property=\"og:locale\" content=\"fr_FR\" \/>\n<meta property=\"og:type\" content=\"article\" \/>\n<meta property=\"og:title\" content=\"Casque OP-778 binaural - Timmpi\" \/>\n<meta property=\"og:description\" content=\"Casque OP-778 r\u00e9glable et \u00e9quip\u00e9 de prot\u00e8ge oreilles \u00e0 m\u00e9moire de forme, il permet un meilleur confort d\u2019\u00e9coute.\" \/>\n<meta property=\"og:url\" content=\"https:\/\/immersive-culture.com\/fr\/shop\/immersive-live\/casque-op-778\/\" \/>\n<meta property=\"og:site_name\" content=\"TiMMPi\" \/>\n<meta property=\"article:publisher\" content=\"http:\/\/www.facebook.com\/timmpiofficial\" \/>\n<meta property=\"article:modified_time\" content=\"2023-10-31T08:45:44+00:00\" \/>\n<meta property=\"og:image\" content=\"https:\/\/immersive-culture.com\/wp-content\/uploads\/Casque-OP-778-binaural-Timmpi.webp\" \/>\n\t<meta property=\"og:image:width\" content=\"560\" \/>\n\t<meta property=\"og:image:height\" content=\"560\" \/>\n\t<meta property=\"og:image:type\" content=\"image\/webp\" \/>\n<meta name=\"twitter:card\" content=\"summary_large_image\" \/>\n<meta name=\"twitter:site\" content=\"@timmpi\" \/>\n<meta name=\"twitter:label1\" content=\"Prix\" \/>\n\t<meta name=\"twitter:data1\" content=\"\" \/>\n\t<meta name=\"twitter:label2\" content=\"Disponibilit\u00e9\" \/>\n\t<meta name=\"twitter:data2\" content=\"En stock\" \/>\n<script type=\"application\/ld+json\" class=\"yoast-schema-graph\">{\"@context\":\"https:\/\/schema.org\",\"@graph\":[{\"@type\":\"WebPage\",\"@id\":\"https:\/\/immersive-culture.com\/fr\/shop\/immersive-live\/casque-op-778\/\",\"url\":\"https:\/\/immersive-culture.com\/fr\/shop\/immersive-live\/casque-op-778\/\",\"name\":\"Casque OP-778\",\"isPartOf\":{\"@id\":\"https:\/\/www.timmpi.com\/fr\/#website\"},\"primaryImageOfPage\":{\"@id\":\"https:\/\/immersive-culture.com\/fr\/shop\/immersive-live\/casque-op-778\/#primaryimage\"},\"image\":{\"@id\":\"https:\/\/immersive-culture.com\/fr\/shop\/immersive-live\/casque-op-778\/#primaryimage\"},\"thumbnailUrl\":\"https:\/\/immersive-culture.com\/wp-content\/uploads\/Casque-OP-778-binaural-Timmpi.webp\",\"datePublished\":\"2023-06-19T14:17:07+00:00\",\"dateModified\":\"2023-10-31T08:45:44+00:00\",\"description\":\"Casque OP-778 r\u00e9glable et \u00e9quip\u00e9 de prot\u00e8ge oreilles \u00e0 m\u00e9moire de forme, il permet un meilleur confort d\u2019\u00e9coute.\",\"breadcrumb\":{\"@id\":\"https:\/\/immersive-culture.com\/fr\/shop\/immersive-live\/casque-op-778\/#breadcrumb\"},\"inLanguage\":\"fr-FR\",\"potentialAction\":[{\"@type\":\"ReadAction\",\"target\":[\"https:\/\/immersive-culture.com\/fr\/shop\/immersive-live\/casque-op-778\/\"]}]},{\"@type\":\"ImageObject\",\"inLanguage\":\"fr-FR\",\"@id\":\"https:\/\/immersive-culture.com\/fr\/shop\/immersive-live\/casque-op-778\/#primaryimage\",\"url\":\"https:\/\/immersive-culture.com\/wp-content\/uploads\/Casque-OP-778-binaural-Timmpi.webp\",\"contentUrl\":\"https:\/\/immersive-culture.com\/wp-content\/uploads\/Casque-OP-778-binaural-Timmpi.webp\",\"width\":560,\"height\":560},{\"@type\":\"BreadcrumbList\",\"@id\":\"https:\/\/immersive-culture.com\/fr\/shop\/immersive-live\/casque-op-778\/#breadcrumb\",\"itemListElement\":[{\"@type\":\"ListItem\",\"position\":1,\"name\":\"Home\",\"item\":\"https:\/\/www.timmpi.com\/fr\/\"},{\"@type\":\"ListItem\",\"position\":2,\"name\":\"Ouvrir la voie \u00e0 une nouvelle exp\u00e9rience sonore plus immersive et inclusive\",\"item\":\"https:\/\/immersive-culture.com\/fr\/shop\/\"},{\"@type\":\"ListItem\",\"position\":3,\"name\":\"Immersive Live\",\"item\":\"https:\/\/immersive-culture.com\/fr\/categorie-produit\/immersive-live\/\"},{\"@type\":\"ListItem\",\"position\":4,\"name\":\"Casque OP-778 binaural &#8211; Timmpi\"}]},{\"@type\":\"WebSite\",\"@id\":\"https:\/\/www.timmpi.com\/fr\/#website\",\"url\":\"https:\/\/www.timmpi.com\/fr\/\",\"name\":\"TiMMPi\",\"description\":\"Make your sound experience unique\",\"publisher\":{\"@id\":\"https:\/\/www.timmpi.com\/fr\/#organization\"},\"potentialAction\":[{\"@type\":\"SearchAction\",\"target\":{\"@type\":\"EntryPoint\",\"urlTemplate\":\"https:\/\/www.timmpi.com\/fr\/?s={search_term_string}\"},\"query-input\":{\"@type\":\"PropertyValueSpecification\",\"valueRequired\":true,\"valueName\":\"search_term_string\"}}],\"inLanguage\":\"fr-FR\"},{\"@type\":\"Organization\",\"@id\":\"https:\/\/www.timmpi.com\/fr\/#organization\",\"name\":\"Timmpi\",\"url\":\"https:\/\/www.timmpi.com\/fr\/\",\"logo\":{\"@type\":\"ImageObject\",\"inLanguage\":\"fr-FR\",\"@id\":\"https:\/\/www.timmpi.com\/fr\/#\/schema\/logo\/image\/\",\"url\":\"\",\"contentUrl\":\"\",\"caption\":\"Timmpi\"},\"image\":{\"@id\":\"https:\/\/www.timmpi.com\/fr\/#\/schema\/logo\/image\/\"},\"sameAs\":[\"http:\/\/www.facebook.com\/timmpiofficial\",\"https:\/\/x.com\/timmpi\",\"https:\/\/www.instagram.com\/timmpi_\",\"https:\/\/www.linkedin.com\/company\/timmpi\",\"https:\/\/www.youtube.com\/user\/TimmpiOfficial\"]}]}<\/script>\n<meta property=\"product:price:amount\" content=\"0.00\" \/>\n<meta property=\"product:price:currency\" content=\"EUR\" \/>\n<meta property=\"og:availability\" content=\"instock\" \/>\n<meta property=\"product:availability\" content=\"instock\" \/>\n<meta property=\"product:condition\" content=\"new\" \/>\n<!-- \/ Yoast SEO Premium plugin. -->","yoast_head_json":{"title":"Casque OP-778","description":"Casque OP-778 r\u00e9glable et \u00e9quip\u00e9 de prot\u00e8ge oreilles \u00e0 m\u00e9moire de forme, il permet un meilleur confort d\u2019\u00e9coute.","robots":{"index":"index","follow":"follow","max-snippet":"max-snippet:-1","max-image-preview":"max-image-preview:large","max-video-preview":"max-video-preview:-1"},"canonical":"https:\/\/immersive-culture.com\/fr\/shop\/immersive-live\/casque-op-778\/","og_locale":"fr_FR","og_type":"article","og_title":"Casque OP-778 binaural - Timmpi","og_description":"Casque OP-778 r\u00e9glable et \u00e9quip\u00e9 de prot\u00e8ge oreilles \u00e0 m\u00e9moire de forme, il permet un meilleur confort d\u2019\u00e9coute.","og_url":"https:\/\/immersive-culture.com\/fr\/shop\/immersive-live\/casque-op-778\/","og_site_name":"TiMMPi","article_publisher":"http:\/\/www.facebook.com\/timmpiofficial","article_modified_time":"2023-10-31T08:45:44+00:00","og_image":[{"width":560,"height":560,"url":"https:\/\/immersive-culture.com\/wp-content\/uploads\/Casque-OP-778-binaural-Timmpi.webp","type":"image\/webp"}],"twitter_card":"summary_large_image","twitter_site":"@timmpi","twitter_misc":{"Prix":"","Disponibilit\u00e9":"En stock"},"schema":{"@context":"https:\/\/schema.org","@graph":[{"@type":"WebPage","@id":"https:\/\/immersive-culture.com\/fr\/shop\/immersive-live\/casque-op-778\/","url":"https:\/\/immersive-culture.com\/fr\/shop\/immersive-live\/casque-op-778\/","name":"Casque OP-778","isPartOf":{"@id":"https:\/\/www.timmpi.com\/fr\/#website"},"primaryImageOfPage":{"@id":"https:\/\/immersive-culture.com\/fr\/shop\/immersive-live\/casque-op-778\/#primaryimage"},"image":{"@id":"https:\/\/immersive-culture.com\/fr\/shop\/immersive-live\/casque-op-778\/#primaryimage"},"thumbnailUrl":"https:\/\/immersive-culture.com\/wp-content\/uploads\/Casque-OP-778-binaural-Timmpi.webp","datePublished":"2023-06-19T14:17:07+00:00","dateModified":"2023-10-31T08:45:44+00:00","description":"Casque OP-778 r\u00e9glable et \u00e9quip\u00e9 de prot\u00e8ge oreilles \u00e0 m\u00e9moire de forme, il permet un meilleur confort d\u2019\u00e9coute.","breadcrumb":{"@id":"https:\/\/immersive-culture.com\/fr\/shop\/immersive-live\/casque-op-778\/#breadcrumb"},"inLanguage":"fr-FR","potentialAction":[{"@type":"ReadAction","target":["https:\/\/immersive-culture.com\/fr\/shop\/immersive-live\/casque-op-778\/"]}]},{"@type":"ImageObject","inLanguage":"fr-FR","@id":"https:\/\/immersive-culture.com\/fr\/shop\/immersive-live\/casque-op-778\/#primaryimage","url":"https:\/\/immersive-culture.com\/wp-content\/uploads\/Casque-OP-778-binaural-Timmpi.webp","contentUrl":"https:\/\/immersive-culture.com\/wp-content\/uploads\/Casque-OP-778-binaural-Timmpi.webp","width":560,"height":560},{"@type":"BreadcrumbList","@id":"https:\/\/immersive-culture.com\/fr\/shop\/immersive-live\/casque-op-778\/#breadcrumb","itemListElement":[{"@type":"ListItem","position":1,"name":"Home","item":"https:\/\/www.timmpi.com\/fr\/"},{"@type":"ListItem","position":2,"name":"Ouvrir la voie \u00e0 une nouvelle exp\u00e9rience sonore plus immersive et inclusive","item":"https:\/\/immersive-culture.com\/fr\/shop\/"},{"@type":"ListItem","position":3,"name":"Immersive Live","item":"https:\/\/immersive-culture.com\/fr\/categorie-produit\/immersive-live\/"},{"@type":"ListItem","position":4,"name":"Casque OP-778 binaural &#8211; Timmpi"}]},{"@type":"WebSite","@id":"https:\/\/www.timmpi.com\/fr\/#website","url":"https:\/\/www.timmpi.com\/fr\/","name":"TiMMPi","description":"Make your sound experience unique","publisher":{"@id":"https:\/\/www.timmpi.com\/fr\/#organization"},"potentialAction":[{"@type":"SearchAction","target":{"@type":"EntryPoint","urlTemplate":"https:\/\/www.timmpi.com\/fr\/?s={search_term_string}"},"query-input":{"@type":"PropertyValueSpecification","valueRequired":true,"valueName":"search_term_string"}}],"inLanguage":"fr-FR"},{"@type":"Organization","@id":"https:\/\/www.timmpi.com\/fr\/#organization","name":"Timmpi","url":"https:\/\/www.timmpi.com\/fr\/","logo":{"@type":"ImageObject","inLanguage":"fr-FR","@id":"https:\/\/www.timmpi.com\/fr\/#\/schema\/logo\/image\/","url":"","contentUrl":"","caption":"Timmpi"},"image":{"@id":"https:\/\/www.timmpi.com\/fr\/#\/schema\/logo\/image\/"},"sameAs":["http:\/\/www.facebook.com\/timmpiofficial","https:\/\/x.com\/timmpi","https:\/\/www.instagram.com\/timmpi_","https:\/\/www.linkedin.com\/company\/timmpi","https:\/\/www.youtube.com\/user\/TimmpiOfficial"]}]},"product_price_amount":"0.00","product_price_currency":"EUR","og_availability":"instock","product_availability":"instock","product_condition":"new"},"_links":{"self":[{"href":"https:\/\/immersive-culture.com\/fr\/wp-json\/wp\/v2\/product\/342928","targetHints":{"allow":["GET"]}}],"collection":[{"href":"https:\/\/immersive-culture.com\/fr\/wp-json\/wp\/v2\/product"}],"about":[{"href":"https:\/\/immersive-culture.com\/fr\/wp-json\/wp\/v2\/types\/product"}],"replies":[{"embeddable":true,"href":"https:\/\/immersive-culture.com\/fr\/wp-json\/wp\/v2\/comments?post=342928"}],"wp:featuredmedia":[{"embeddable":true,"href":"https:\/\/immersive-culture.com\/fr\/wp-json\/wp\/v2\/media\/343729"}],"wp:attachment":[{"href":"https:\/\/immersive-culture.com\/fr\/wp-json\/wp\/v2\/media?parent=342928"}],"wp:term":[{"taxonomy":"product_brand","embeddable":true,"href":"https:\/\/immersive-culture.com\/fr\/wp-json\/wp\/v2\/product_brand?post=342928"},{"taxonomy":"product_cat","embeddable":true,"href":"https:\/\/immersive-culture.com\/fr\/wp-json\/wp\/v2\/product_cat?post=342928"},{"taxonomy":"product_tag","embeddable":true,"href":"https:\/\/immersive-culture.com\/fr\/wp-json\/wp\/v2\/product_tag?post=342928"}],"curies":[{"name":"wp","href":"https:\/\/api.w.org\/{rel}","templated":true}]}}