

{"id":346092,"date":"2026-02-09T15:18:40","date_gmt":"2026-02-09T15:18:40","guid":{"rendered":"https:\/\/www.timmpi.com\/?post_type=product&#038;p=346092"},"modified":"2026-02-10T01:09:29","modified_gmt":"2026-02-10T01:09:29","slug":"capsule-sensorielle-modele-ripplebox-c4","status":"publish","type":"product","link":"https:\/\/immersive-culture.com\/fr\/shop\/immersive-care-fr\/capsule-sensorielle-modele-ripplebox-c4\/","title":{"rendered":"Capsule Sensorielle\u00ae &#8211; mod\u00e8le RippleBox C4"},"content":{"rendered":"<p>La musique au bout des doigts. La Capsule Sensorielle\u00ae est la premi\u00e8re exp\u00e9rience sonore sensorielle multidimensionnelle combinant le tactile, l&rsquo;haptique, la conduction osseuse et la diffusion audio. Les utilisateurs ont la possibilit\u00e9 de ressentir la musique non seulement du bout des doigts, mais aussi de la percevoir \u00e0 travers leur corps, ce qui apporte une dimension sensorielle suppl\u00e9mentaire \u00e0 leur exp\u00e9rience.<\/p>\n","protected":false},"excerpt":{"rendered":"<p>La musique au bout des doigts. La Capsule Sensorielle\u00ae est le premier haut-parleur tactile m\u00e9dical multi-usage brevet\u00e9.<\/p>\n<p>La premi\u00e8re exp\u00e9rience sonore sensorielle multidimensionnelle combinant le tactile, l&rsquo;haptique, la conduction osseuse et la diffusion audio. Les utilisateurs ont la possibilit\u00e9 de ressentir la musique non seulement du bout des doigts, mais aussi de la percevoir \u00e0 travers leur corps, ce qui apporte une dimension sensorielle suppl\u00e9mentaire \u00e0 leur exp\u00e9rience.<\/p>\n","protected":false},"featured_media":346097,"comment_status":"open","ping_status":"closed","template":"","meta":{"inline_featured_image":false},"product_brand":[],"product_cat":[507,449],"product_tag":[],"class_list":{"0":"post-346092","1":"product","2":"type-product","3":"status-publish","4":"has-post-thumbnail","6":"product_cat-immersive-care-fr","7":"product_cat-immersive-live","9":"first","10":"instock","11":"taxable","12":"shipping-taxable","13":"product-type-simple"},"yoast_head":"<!-- This site is optimized with the Yoast SEO Premium plugin v23.1 (Yoast SEO v24.7) - https:\/\/yoast.com\/wordpress\/plugins\/seo\/ -->\n<title>Capsule Sensorielle - mod\u00e8le RippleBox-C4<\/title>\n<meta name=\"description\" content=\"La premi\u00e8re exp\u00e9rience sonore sensorielle multidimensionnelle combinant le tactile, l&#039;haptique, la conduction osseuse et la diffusion audio.\" \/>\n<meta name=\"robots\" content=\"index, follow, max-snippet:-1, max-image-preview:large, max-video-preview:-1\" \/>\n<link rel=\"canonical\" href=\"https:\/\/immersive-culture.com\/fr\/shop\/immersive-care-fr\/capsule-sensorielle-modele-ripplebox-c4\/\" \/>\n<meta property=\"og:locale\" content=\"fr_FR\" \/>\n<meta property=\"og:type\" content=\"article\" \/>\n<meta property=\"og:title\" content=\"Capsule Sensorielle\u00ae - mod\u00e8le RippleBox C4\" \/>\n<meta property=\"og:description\" content=\"La premi\u00e8re exp\u00e9rience sonore sensorielle multidimensionnelle combinant le tactile, l&#039;haptique, la conduction osseuse et la diffusion audio.\" \/>\n<meta property=\"og:url\" content=\"https:\/\/immersive-culture.com\/fr\/shop\/immersive-care-fr\/capsule-sensorielle-modele-ripplebox-c4\/\" \/>\n<meta property=\"og:site_name\" content=\"TiMMPi\" \/>\n<meta property=\"article:publisher\" content=\"http:\/\/www.facebook.com\/timmpiofficial\" \/>\n<meta property=\"article:modified_time\" content=\"2026-02-10T01:09:29+00:00\" \/>\n<meta property=\"og:image\" content=\"https:\/\/immersive-culture.com\/wp-content\/uploads\/SC_RPC4.png\" \/>\n\t<meta property=\"og:image:width\" content=\"612\" \/>\n\t<meta property=\"og:image:height\" content=\"408\" \/>\n\t<meta property=\"og:image:type\" content=\"image\/png\" \/>\n<meta name=\"twitter:card\" content=\"summary_large_image\" \/>\n<meta name=\"twitter:site\" content=\"@timmpi\" \/>\n<meta name=\"twitter:label1\" content=\"Prix\" \/>\n\t<meta name=\"twitter:data1\" content=\"\" \/>\n\t<meta name=\"twitter:label2\" content=\"Disponibilit\u00e9\" \/>\n\t<meta name=\"twitter:data2\" content=\"En stock\" \/>\n<script type=\"application\/ld+json\" class=\"yoast-schema-graph\">{\"@context\":\"https:\/\/schema.org\",\"@graph\":[{\"@type\":\"WebPage\",\"@id\":\"https:\/\/immersive-culture.com\/fr\/shop\/immersive-care-fr\/capsule-sensorielle-modele-ripplebox-c4\/\",\"url\":\"https:\/\/immersive-culture.com\/fr\/shop\/immersive-care-fr\/capsule-sensorielle-modele-ripplebox-c4\/\",\"name\":\"Capsule Sensorielle - mod\u00e8le RippleBox-C4\",\"isPartOf\":{\"@id\":\"https:\/\/www.timmpi.com\/fr\/#website\"},\"primaryImageOfPage\":{\"@id\":\"https:\/\/immersive-culture.com\/fr\/shop\/immersive-care-fr\/capsule-sensorielle-modele-ripplebox-c4\/#primaryimage\"},\"image\":{\"@id\":\"https:\/\/immersive-culture.com\/fr\/shop\/immersive-care-fr\/capsule-sensorielle-modele-ripplebox-c4\/#primaryimage\"},\"thumbnailUrl\":\"https:\/\/immersive-culture.com\/wp-content\/uploads\/SC_RPC4.png\",\"datePublished\":\"2026-02-09T15:18:40+00:00\",\"dateModified\":\"2026-02-10T01:09:29+00:00\",\"description\":\"La premi\u00e8re exp\u00e9rience sonore sensorielle multidimensionnelle combinant le tactile, l'haptique, la conduction osseuse et la diffusion audio.\",\"breadcrumb\":{\"@id\":\"https:\/\/immersive-culture.com\/fr\/shop\/immersive-care-fr\/capsule-sensorielle-modele-ripplebox-c4\/#breadcrumb\"},\"inLanguage\":\"fr-FR\",\"potentialAction\":[{\"@type\":\"ReadAction\",\"target\":[\"https:\/\/immersive-culture.com\/fr\/shop\/immersive-care-fr\/capsule-sensorielle-modele-ripplebox-c4\/\"]}]},{\"@type\":\"ImageObject\",\"inLanguage\":\"fr-FR\",\"@id\":\"https:\/\/immersive-culture.com\/fr\/shop\/immersive-care-fr\/capsule-sensorielle-modele-ripplebox-c4\/#primaryimage\",\"url\":\"https:\/\/immersive-culture.com\/wp-content\/uploads\/SC_RPC4.png\",\"contentUrl\":\"https:\/\/immersive-culture.com\/wp-content\/uploads\/SC_RPC4.png\",\"width\":612,\"height\":408},{\"@type\":\"BreadcrumbList\",\"@id\":\"https:\/\/immersive-culture.com\/fr\/shop\/immersive-care-fr\/capsule-sensorielle-modele-ripplebox-c4\/#breadcrumb\",\"itemListElement\":[{\"@type\":\"ListItem\",\"position\":1,\"name\":\"Home\",\"item\":\"https:\/\/www.timmpi.com\/fr\/\"},{\"@type\":\"ListItem\",\"position\":2,\"name\":\"Ouvrir la voie \u00e0 une nouvelle exp\u00e9rience sonore plus immersive et inclusive\",\"item\":\"https:\/\/immersive-culture.com\/fr\/shop\/\"},{\"@type\":\"ListItem\",\"position\":3,\"name\":\"Immersive Care\",\"item\":\"https:\/\/immersive-culture.com\/fr\/categorie-produit\/immersive-care-fr\/\"},{\"@type\":\"ListItem\",\"position\":4,\"name\":\"Capsule Sensorielle\u00ae &#8211; mod\u00e8le RippleBox C4\"}]},{\"@type\":\"WebSite\",\"@id\":\"https:\/\/www.timmpi.com\/fr\/#website\",\"url\":\"https:\/\/www.timmpi.com\/fr\/\",\"name\":\"TiMMPi\",\"description\":\"Make your sound experience unique\",\"publisher\":{\"@id\":\"https:\/\/www.timmpi.com\/fr\/#organization\"},\"potentialAction\":[{\"@type\":\"SearchAction\",\"target\":{\"@type\":\"EntryPoint\",\"urlTemplate\":\"https:\/\/www.timmpi.com\/fr\/?s={search_term_string}\"},\"query-input\":{\"@type\":\"PropertyValueSpecification\",\"valueRequired\":true,\"valueName\":\"search_term_string\"}}],\"inLanguage\":\"fr-FR\"},{\"@type\":\"Organization\",\"@id\":\"https:\/\/www.timmpi.com\/fr\/#organization\",\"name\":\"Timmpi\",\"url\":\"https:\/\/www.timmpi.com\/fr\/\",\"logo\":{\"@type\":\"ImageObject\",\"inLanguage\":\"fr-FR\",\"@id\":\"https:\/\/www.timmpi.com\/fr\/#\/schema\/logo\/image\/\",\"url\":\"\",\"contentUrl\":\"\",\"caption\":\"Timmpi\"},\"image\":{\"@id\":\"https:\/\/www.timmpi.com\/fr\/#\/schema\/logo\/image\/\"},\"sameAs\":[\"http:\/\/www.facebook.com\/timmpiofficial\",\"https:\/\/x.com\/timmpi\",\"https:\/\/www.instagram.com\/timmpi_\",\"https:\/\/www.linkedin.com\/company\/timmpi\",\"https:\/\/www.youtube.com\/user\/TimmpiOfficial\"]}]}<\/script>\n<meta property=\"product:price:amount\" content=\"0.00\" \/>\n<meta property=\"product:price:currency\" content=\"EUR\" \/>\n<meta property=\"og:availability\" content=\"instock\" \/>\n<meta property=\"product:availability\" content=\"instock\" \/>\n<meta property=\"product:condition\" content=\"new\" \/>\n<!-- \/ Yoast SEO Premium plugin. -->","yoast_head_json":{"title":"Capsule Sensorielle - mod\u00e8le RippleBox-C4","description":"La premi\u00e8re exp\u00e9rience sonore sensorielle multidimensionnelle combinant le tactile, l'haptique, la conduction osseuse et la diffusion audio.","robots":{"index":"index","follow":"follow","max-snippet":"max-snippet:-1","max-image-preview":"max-image-preview:large","max-video-preview":"max-video-preview:-1"},"canonical":"https:\/\/immersive-culture.com\/fr\/shop\/immersive-care-fr\/capsule-sensorielle-modele-ripplebox-c4\/","og_locale":"fr_FR","og_type":"article","og_title":"Capsule Sensorielle\u00ae - mod\u00e8le RippleBox C4","og_description":"La premi\u00e8re exp\u00e9rience sonore sensorielle multidimensionnelle combinant le tactile, l'haptique, la conduction osseuse et la diffusion audio.","og_url":"https:\/\/immersive-culture.com\/fr\/shop\/immersive-care-fr\/capsule-sensorielle-modele-ripplebox-c4\/","og_site_name":"TiMMPi","article_publisher":"http:\/\/www.facebook.com\/timmpiofficial","article_modified_time":"2026-02-10T01:09:29+00:00","og_image":[{"width":612,"height":408,"url":"https:\/\/immersive-culture.com\/wp-content\/uploads\/SC_RPC4.png","type":"image\/png"}],"twitter_card":"summary_large_image","twitter_site":"@timmpi","twitter_misc":{"Prix":"","Disponibilit\u00e9":"En stock"},"schema":{"@context":"https:\/\/schema.org","@graph":[{"@type":"WebPage","@id":"https:\/\/immersive-culture.com\/fr\/shop\/immersive-care-fr\/capsule-sensorielle-modele-ripplebox-c4\/","url":"https:\/\/immersive-culture.com\/fr\/shop\/immersive-care-fr\/capsule-sensorielle-modele-ripplebox-c4\/","name":"Capsule Sensorielle - mod\u00e8le RippleBox-C4","isPartOf":{"@id":"https:\/\/www.timmpi.com\/fr\/#website"},"primaryImageOfPage":{"@id":"https:\/\/immersive-culture.com\/fr\/shop\/immersive-care-fr\/capsule-sensorielle-modele-ripplebox-c4\/#primaryimage"},"image":{"@id":"https:\/\/immersive-culture.com\/fr\/shop\/immersive-care-fr\/capsule-sensorielle-modele-ripplebox-c4\/#primaryimage"},"thumbnailUrl":"https:\/\/immersive-culture.com\/wp-content\/uploads\/SC_RPC4.png","datePublished":"2026-02-09T15:18:40+00:00","dateModified":"2026-02-10T01:09:29+00:00","description":"La premi\u00e8re exp\u00e9rience sonore sensorielle multidimensionnelle combinant le tactile, l'haptique, la conduction osseuse et la diffusion audio.","breadcrumb":{"@id":"https:\/\/immersive-culture.com\/fr\/shop\/immersive-care-fr\/capsule-sensorielle-modele-ripplebox-c4\/#breadcrumb"},"inLanguage":"fr-FR","potentialAction":[{"@type":"ReadAction","target":["https:\/\/immersive-culture.com\/fr\/shop\/immersive-care-fr\/capsule-sensorielle-modele-ripplebox-c4\/"]}]},{"@type":"ImageObject","inLanguage":"fr-FR","@id":"https:\/\/immersive-culture.com\/fr\/shop\/immersive-care-fr\/capsule-sensorielle-modele-ripplebox-c4\/#primaryimage","url":"https:\/\/immersive-culture.com\/wp-content\/uploads\/SC_RPC4.png","contentUrl":"https:\/\/immersive-culture.com\/wp-content\/uploads\/SC_RPC4.png","width":612,"height":408},{"@type":"BreadcrumbList","@id":"https:\/\/immersive-culture.com\/fr\/shop\/immersive-care-fr\/capsule-sensorielle-modele-ripplebox-c4\/#breadcrumb","itemListElement":[{"@type":"ListItem","position":1,"name":"Home","item":"https:\/\/www.timmpi.com\/fr\/"},{"@type":"ListItem","position":2,"name":"Ouvrir la voie \u00e0 une nouvelle exp\u00e9rience sonore plus immersive et inclusive","item":"https:\/\/immersive-culture.com\/fr\/shop\/"},{"@type":"ListItem","position":3,"name":"Immersive Care","item":"https:\/\/immersive-culture.com\/fr\/categorie-produit\/immersive-care-fr\/"},{"@type":"ListItem","position":4,"name":"Capsule Sensorielle\u00ae &#8211; mod\u00e8le RippleBox C4"}]},{"@type":"WebSite","@id":"https:\/\/www.timmpi.com\/fr\/#website","url":"https:\/\/www.timmpi.com\/fr\/","name":"TiMMPi","description":"Make your sound experience unique","publisher":{"@id":"https:\/\/www.timmpi.com\/fr\/#organization"},"potentialAction":[{"@type":"SearchAction","target":{"@type":"EntryPoint","urlTemplate":"https:\/\/www.timmpi.com\/fr\/?s={search_term_string}"},"query-input":{"@type":"PropertyValueSpecification","valueRequired":true,"valueName":"search_term_string"}}],"inLanguage":"fr-FR"},{"@type":"Organization","@id":"https:\/\/www.timmpi.com\/fr\/#organization","name":"Timmpi","url":"https:\/\/www.timmpi.com\/fr\/","logo":{"@type":"ImageObject","inLanguage":"fr-FR","@id":"https:\/\/www.timmpi.com\/fr\/#\/schema\/logo\/image\/","url":"","contentUrl":"","caption":"Timmpi"},"image":{"@id":"https:\/\/www.timmpi.com\/fr\/#\/schema\/logo\/image\/"},"sameAs":["http:\/\/www.facebook.com\/timmpiofficial","https:\/\/x.com\/timmpi","https:\/\/www.instagram.com\/timmpi_","https:\/\/www.linkedin.com\/company\/timmpi","https:\/\/www.youtube.com\/user\/TimmpiOfficial"]}]},"product_price_amount":"0.00","product_price_currency":"EUR","og_availability":"instock","product_availability":"instock","product_condition":"new"},"_links":{"self":[{"href":"https:\/\/immersive-culture.com\/fr\/wp-json\/wp\/v2\/product\/346092","targetHints":{"allow":["GET"]}}],"collection":[{"href":"https:\/\/immersive-culture.com\/fr\/wp-json\/wp\/v2\/product"}],"about":[{"href":"https:\/\/immersive-culture.com\/fr\/wp-json\/wp\/v2\/types\/product"}],"replies":[{"embeddable":true,"href":"https:\/\/immersive-culture.com\/fr\/wp-json\/wp\/v2\/comments?post=346092"}],"wp:featuredmedia":[{"embeddable":true,"href":"https:\/\/immersive-culture.com\/fr\/wp-json\/wp\/v2\/media\/346097"}],"wp:attachment":[{"href":"https:\/\/immersive-culture.com\/fr\/wp-json\/wp\/v2\/media?parent=346092"}],"wp:term":[{"taxonomy":"product_brand","embeddable":true,"href":"https:\/\/immersive-culture.com\/fr\/wp-json\/wp\/v2\/product_brand?post=346092"},{"taxonomy":"product_cat","embeddable":true,"href":"https:\/\/immersive-culture.com\/fr\/wp-json\/wp\/v2\/product_cat?post=346092"},{"taxonomy":"product_tag","embeddable":true,"href":"https:\/\/immersive-culture.com\/fr\/wp-json\/wp\/v2\/product_tag?post=346092"}],"curies":[{"name":"wp","href":"https:\/\/api.w.org\/{rel}","templated":true}]}}